{"id":30506,"date":"2014-06-02T11:17:04","date_gmt":"2014-06-02T15:17:04","guid":{"rendered":"https:\/\/audioservices.appwapp.com\/?page_id=30506"},"modified":"2025-12-03T11:01:09","modified_gmt":"2025-12-03T16:01:09","slug":"contact","status":"publish","type":"page","link":"https:\/\/audioservices.studio\/fr\/contact","title":{"rendered":"Contact"},"content":{"rendered":"<div  class='flex_column av-1n9typ2-59e30824ada1360d29f29e2796de4ac3 av_one_full  avia-builder-el-0  el_before_av_one_half  avia-builder-el-first  first flex_column_div  '     ><p>\n<style type=\"text\/css\" data-created_by=\"avia_inline_auto\" id=\"style-css-av-l5wkqdk8-ab2df38f90d8de18a5d31802392e4774\">\n#top .av-special-heading.av-l5wkqdk8-ab2df38f90d8de18a5d31802392e4774{\npadding-bottom:10px;\n}\nbody .av-special-heading.av-l5wkqdk8-ab2df38f90d8de18a5d31802392e4774 .av-special-heading-tag .heading-char{\nfont-size:25px;\n}\n.av-special-heading.av-l5wkqdk8-ab2df38f90d8de18a5d31802392e4774 .av-subheading{\nfont-size:15px;\n}\n<\/style>\n<div  class='av-special-heading av-l5wkqdk8-ab2df38f90d8de18a5d31802392e4774 av-special-heading-h1  avia-builder-el-1  el_before_av_hr  avia-builder-el-first '><h1 class='av-special-heading-tag '  itemprop=\"headline\"  >Contact<\/h1><div class=\"special-heading-border\"><div class=\"special-heading-inner-border\"><\/div><\/div><\/div><br \/>\n\n<style type=\"text\/css\" data-created_by=\"avia_inline_auto\" id=\"style-css-av-iw3ux2-dc5ad66c0a029a14d19e2f514a019150\">\n#top .hr.hr-invisible.av-iw3ux2-dc5ad66c0a029a14d19e2f514a019150{\nheight:10px;\n}\n<\/style>\n<div  class='hr av-iw3ux2-dc5ad66c0a029a14d19e2f514a019150 hr-invisible  avia-builder-el-2  el_after_av_heading  el_before_av_heading '><span class='hr-inner '><span class=\"hr-inner-style\"><\/span><\/span><\/div><br \/>\n\n<style type=\"text\/css\" data-created_by=\"avia_inline_auto\" id=\"style-css-av-l5wkr1g2-b192e772b5003f17ccc5ce20568a5fea\">\n#top .av-special-heading.av-l5wkr1g2-b192e772b5003f17ccc5ce20568a5fea{\npadding-bottom:10px;\n}\nbody .av-special-heading.av-l5wkr1g2-b192e772b5003f17ccc5ce20568a5fea .av-special-heading-tag .heading-char{\nfont-size:25px;\n}\n.av-special-heading.av-l5wkr1g2-b192e772b5003f17ccc5ce20568a5fea .av-subheading{\nfont-size:15px;\n}\n<\/style>\n<div  class='av-special-heading av-l5wkr1g2-b192e772b5003f17ccc5ce20568a5fea av-special-heading-h3  avia-builder-el-3  el_after_av_hr  el_before_av_hr  av-linked-heading'><h3 class='av-special-heading-tag '  itemprop=\"headline\"  ><a class=\"av-heading-link\" href=\"https:\/\/audioservices.studio\/fr\/acces-interdit\" >Parlons de votre nouveau projet.<\/a><\/h3><div class=\"special-heading-border\"><div class=\"special-heading-inner-border\"><\/div><\/div><\/div><br \/>\n\n<style type=\"text\/css\" data-created_by=\"avia_inline_auto\" id=\"style-css-av-l5wl5bt3-81a2d6463eaf7a4b42dcff9946252d16\">\n#top .hr.hr-invisible.av-l5wl5bt3-81a2d6463eaf7a4b42dcff9946252d16{\nheight:40px;\n}\n<\/style>\n<div  class='hr av-l5wl5bt3-81a2d6463eaf7a4b42dcff9946252d16 hr-invisible  avia-builder-el-4  el_after_av_heading  avia-builder-el-last '><span class='hr-inner '><span class=\"hr-inner-style\"><\/span><\/span><\/div><\/p><\/div>\n<div  class='flex_column av-1ap63gm-6913050d8bd43f37dea936acf26df4d3 av_one_half  avia-builder-el-5  el_after_av_one_full  el_before_av_one_half  first flex_column_div  column-top-margin'     ><style type=\"text\/css\" data-created_by=\"avia_inline_auto\" id=\"style-css-av-l5wkx5l4-e99e73ffaa0c14189aec55dac393ce49\">\n#top .av-special-heading.av-l5wkx5l4-e99e73ffaa0c14189aec55dac393ce49{\npadding-bottom:10px;\n}\nbody .av-special-heading.av-l5wkx5l4-e99e73ffaa0c14189aec55dac393ce49 .av-special-heading-tag .heading-char{\nfont-size:25px;\n}\n.av-special-heading.av-l5wkx5l4-e99e73ffaa0c14189aec55dac393ce49 .av-subheading{\nfont-size:15px;\n}\n<\/style>\n<div  class='av-special-heading av-l5wkx5l4-e99e73ffaa0c14189aec55dac393ce49 av-special-heading-h3  avia-builder-el-6  avia-builder-el-no-sibling '><h3 class='av-special-heading-tag '  itemprop=\"headline\"  >Si vous d\u00e9sirez travailler avec moi sur un projet, n\u2019h\u00e9sitez pas et commencez par commander en ligne. Si vous avez des questions, contactez-nous via le formulaire ci-dessous.<\/h3><div class=\"special-heading-border\"><div class=\"special-heading-inner-border\"><\/div><\/div><\/div><\/div>\n<div  class='flex_column av-2j80h2-a6ada5f2afb28256aded254e09bb5978 av_one_half  avia-builder-el-7  el_after_av_one_half  avia-builder-el-last  flex_column_div  column-top-margin'     ><form action=\"https:\/\/audioservices.studio\/fr\/contact\" method=\"post\" data-fields-with-error=\"Erreurs trouv\u00e9es dans les champs suivants :\" class=\"avia_ajax_form av-form-labels-visible   avia-builder-el-8  avia-builder-el-no-sibling   \" data-avia-form-id=\"1\" data-avia-redirect='' ><h3 class=''>Parlons de votre nouveau projet.<\/h3><fieldset><p class='  first_form  form_element form_fullwidth' id='element_avia_1_1'><label for=\"avia_1_1\">Nom <abbr class=\"required\" title=\"requis(e)\">*<\/abbr><\/label> <input name=\"avia_1_1\" class=\"text_input is_empty\" type=\"text\" id=\"avia_1_1\" value=\"\" \/><\/p><p class='  first_form  form_element form_fullwidth' id='element_avia_2_1'><label for=\"avia_2_1\">Courriel <abbr class=\"required\" title=\"requis(e)\">*<\/abbr><\/label> <input name=\"avia_2_1\" class=\"text_input is_email\" type=\"text\" id=\"avia_2_1\" value=\"\" \/><\/p><p class='  first_form  form_element form_fullwidth' id='element_avia_3_1'><label for=\"avia_3_1\" class=\"textare_label hidden textare_label_avia_3_1\">Message <abbr class=\"required\" title=\"requis(e)\">*<\/abbr><\/label><textarea  name=\"avia_3_1\" class=\"text_area is_empty\" cols=\"40\" rows=\"7\" id=\"avia_3_1\" ><\/textarea><\/p><p class=\"hidden\"><input type=\"text\" name=\"avia_4_1\" class=\"hidden \" id=\"avia_4_1\" value=\"\" \/><\/p><p class='   form_element form_fullwidth' id='element_avia_5_1'><span class='value_verifier_label'>3 + 3 = ?<\/span><input name=\"avia_5_1_verifier\" type=\"hidden\" id=\"avia_5_1_verifier\" value=\"666344771\"\/><label for=\"avia_5_1\">Merci de prouver que vous \u00eates un humain en donnant le r\u00e9sultat de cette op\u00e9ration <abbr class=\"required\" title=\"requis(e)\">*<\/abbr><\/label><input name=\"avia_5_1\" class=\"text_input captcha\" type=\"text\" id=\"avia_5_1\" value=\"\"\/><\/p><p class=\"form_element \"><input type=\"hidden\" value=\"1\" name=\"avia_generated_form1\" \/><input type=\"submit\" value=\"Soumettre\" class=\"button\"  data-sending-label=\"Envoi\"\/><\/p><\/fieldset><\/form><div id=\"ajaxresponse_1\" class=\"ajaxresponse ajaxresponse_1 hidden\"><\/div><\/div>\n","protected":false},"excerpt":{"rendered":"","protected":false},"author":1,"featured_media":0,"parent":0,"menu_order":0,"comment_status":"open","ping_status":"open","template":"","meta":{"_acf_changed":false,"footnotes":""},"class_list":["post-30506","page","type-page","status-publish","hentry"],"acf":[],"yoast_head":"<!-- This site is optimized with the Yoast SEO plugin v27.4 - https:\/\/yoast.com\/product\/yoast-seo-wordpress\/ -->\n<title>Contact | AudioServices Studio<\/title>\n<meta name=\"description\" content=\"Contactez AudioServices Studio pour vos questions sur mixage, mastering, coaching ou collaborations en production musicale pro\" \/>\n<meta name=\"robots\" content=\"index, follow, max-snippet:-1, max-image-preview:large, max-video-preview:-1\" \/>\n<link rel=\"canonical\" href=\"https:\/\/audioservices.studio\/fr\/contact\" \/>\n<meta property=\"og:locale\" content=\"fr_FR\" \/>\n<meta property=\"og:type\" content=\"article\" \/>\n<meta property=\"og:title\" content=\"Contact | AudioServices Studio\" \/>\n<meta property=\"og:description\" content=\"Contactez AudioServices Studio pour vos questions sur mixage, mastering, coaching ou collaborations en production musicale pro\" \/>\n<meta property=\"og:url\" content=\"https:\/\/audioservices.studio\/fr\/contact\" \/>\n<meta property=\"og:site_name\" content=\"Pheek&#039;s Mixdown and Mastering\" \/>\n<meta property=\"article:modified_time\" content=\"2025-12-03T16:01:09+00:00\" \/>\n<meta name=\"twitter:card\" content=\"summary_large_image\" \/>\n<meta name=\"twitter:label1\" content=\"Dur\u00e9e de lecture estim\u00e9e\" \/>\n\t<meta name=\"twitter:data1\" content=\"1 minute\" \/>\n<script type=\"application\/ld+json\" class=\"yoast-schema-graph\">{\"@context\":\"https:\\\/\\\/schema.org\",\"@graph\":[{\"@type\":\"WebPage\",\"@id\":\"https:\\\/\\\/audioservices.studio\\\/fr\\\/contact\",\"url\":\"https:\\\/\\\/audioservices.studio\\\/fr\\\/contact\",\"name\":\"Contact | AudioServices Studio\",\"isPartOf\":{\"@id\":\"https:\\\/\\\/audioservices.studio\\\/fr#website\"},\"datePublished\":\"2014-06-02T15:17:04+00:00\",\"dateModified\":\"2025-12-03T16:01:09+00:00\",\"description\":\"Contactez AudioServices Studio pour vos questions sur mixage, mastering, coaching ou collaborations en production musicale pro\",\"breadcrumb\":{\"@id\":\"https:\\\/\\\/audioservices.studio\\\/fr\\\/contact#breadcrumb\"},\"inLanguage\":\"fr-FR\",\"potentialAction\":[{\"@type\":\"ReadAction\",\"target\":[\"https:\\\/\\\/audioservices.studio\\\/fr\\\/contact\"]}]},{\"@type\":\"BreadcrumbList\",\"@id\":\"https:\\\/\\\/audioservices.studio\\\/fr\\\/contact#breadcrumb\",\"itemListElement\":[{\"@type\":\"ListItem\",\"position\":1,\"name\":\"Home\",\"item\":\"https:\\\/\\\/audioservices.studio\\\/fr\"},{\"@type\":\"ListItem\",\"position\":2,\"name\":\"Contact\"}]},{\"@type\":\"WebSite\",\"@id\":\"https:\\\/\\\/audioservices.studio\\\/fr#website\",\"url\":\"https:\\\/\\\/audioservices.studio\\\/fr\",\"name\":\"Pheek&#039;s Mixdown and Mastering\",\"description\":\"Making you fall in love with your music\",\"potentialAction\":[{\"@type\":\"SearchAction\",\"target\":{\"@type\":\"EntryPoint\",\"urlTemplate\":\"https:\\\/\\\/audioservices.studio\\\/fr?s={search_term_string}\"},\"query-input\":{\"@type\":\"PropertyValueSpecification\",\"valueRequired\":true,\"valueName\":\"search_term_string\"}}],\"inLanguage\":\"fr-FR\"}]}<\/script>\n<!-- \/ Yoast SEO plugin. -->","yoast_head_json":{"title":"Contact | AudioServices Studio","description":"Contactez AudioServices Studio pour vos questions sur mixage, mastering, coaching ou collaborations en production musicale pro","robots":{"index":"index","follow":"follow","max-snippet":"max-snippet:-1","max-image-preview":"max-image-preview:large","max-video-preview":"max-video-preview:-1"},"canonical":"https:\/\/audioservices.studio\/fr\/contact","og_locale":"fr_FR","og_type":"article","og_title":"Contact | AudioServices Studio","og_description":"Contactez AudioServices Studio pour vos questions sur mixage, mastering, coaching ou collaborations en production musicale pro","og_url":"https:\/\/audioservices.studio\/fr\/contact","og_site_name":"Pheek&#039;s Mixdown and Mastering","article_modified_time":"2025-12-03T16:01:09+00:00","twitter_card":"summary_large_image","twitter_misc":{"Dur\u00e9e de lecture estim\u00e9e":"1 minute"},"schema":{"@context":"https:\/\/schema.org","@graph":[{"@type":"WebPage","@id":"https:\/\/audioservices.studio\/fr\/contact","url":"https:\/\/audioservices.studio\/fr\/contact","name":"Contact | AudioServices Studio","isPartOf":{"@id":"https:\/\/audioservices.studio\/fr#website"},"datePublished":"2014-06-02T15:17:04+00:00","dateModified":"2025-12-03T16:01:09+00:00","description":"Contactez AudioServices Studio pour vos questions sur mixage, mastering, coaching ou collaborations en production musicale pro","breadcrumb":{"@id":"https:\/\/audioservices.studio\/fr\/contact#breadcrumb"},"inLanguage":"fr-FR","potentialAction":[{"@type":"ReadAction","target":["https:\/\/audioservices.studio\/fr\/contact"]}]},{"@type":"BreadcrumbList","@id":"https:\/\/audioservices.studio\/fr\/contact#breadcrumb","itemListElement":[{"@type":"ListItem","position":1,"name":"Home","item":"https:\/\/audioservices.studio\/fr"},{"@type":"ListItem","position":2,"name":"Contact"}]},{"@type":"WebSite","@id":"https:\/\/audioservices.studio\/fr#website","url":"https:\/\/audioservices.studio\/fr","name":"Pheek&#039;s Mixdown and Mastering","description":"Making you fall in love with your music","potentialAction":[{"@type":"SearchAction","target":{"@type":"EntryPoint","urlTemplate":"https:\/\/audioservices.studio\/fr?s={search_term_string}"},"query-input":{"@type":"PropertyValueSpecification","valueRequired":true,"valueName":"search_term_string"}}],"inLanguage":"fr-FR"}]}},"_links":{"self":[{"href":"https:\/\/audioservices.studio\/fr\/wp-json\/wp\/v2\/pages\/30506","targetHints":{"allow":["GET"]}}],"collection":[{"href":"https:\/\/audioservices.studio\/fr\/wp-json\/wp\/v2\/pages"}],"about":[{"href":"https:\/\/audioservices.studio\/fr\/wp-json\/wp\/v2\/types\/page"}],"author":[{"embeddable":true,"href":"https:\/\/audioservices.studio\/fr\/wp-json\/wp\/v2\/users\/1"}],"replies":[{"embeddable":true,"href":"https:\/\/audioservices.studio\/fr\/wp-json\/wp\/v2\/comments?post=30506"}],"version-history":[{"count":2,"href":"https:\/\/audioservices.studio\/fr\/wp-json\/wp\/v2\/pages\/30506\/revisions"}],"predecessor-version":[{"id":53523,"href":"https:\/\/audioservices.studio\/fr\/wp-json\/wp\/v2\/pages\/30506\/revisions\/53523"}],"wp:attachment":[{"href":"https:\/\/audioservices.studio\/fr\/wp-json\/wp\/v2\/media?parent=30506"}],"curies":[{"name":"wp","href":"https:\/\/api.w.org\/{rel}","templated":true}]}}