{"id":30515,"date":"2014-06-02T09:22:38","date_gmt":"2014-06-02T13:22:38","guid":{"rendered":"https:\/\/audioservices.appwapp.com\/?page_id=30515"},"modified":"2025-12-03T11:01:34","modified_gmt":"2025-12-03T16:01:34","slug":"mon-experience","status":"publish","type":"page","link":"https:\/\/audioservices.studio\/fr\/mon-experience","title":{"rendered":"Mon exp\u00e9rience"},"content":{"rendered":"<div  class='flex_column av-1oout6z-2dd88e009da242838bb962f38bae11a1 av_one_full  avia-builder-el-0  el_before_av_three_fifth  avia-builder-el-first  first flex_column_div  '     ><style type=\"text\/css\" data-created_by=\"avia_inline_auto\" id=\"style-css-av-l6xxh91o-f99d010e622d480d940773e4d27f3390\">\n#top .av-special-heading.av-l6xxh91o-f99d010e622d480d940773e4d27f3390{\npadding-bottom:10px;\n}\nbody .av-special-heading.av-l6xxh91o-f99d010e622d480d940773e4d27f3390 .av-special-heading-tag .heading-char{\nfont-size:25px;\n}\n.av-special-heading.av-l6xxh91o-f99d010e622d480d940773e4d27f3390 .av-subheading{\nfont-size:15px;\n}\n<\/style>\n<div  class='av-special-heading av-l6xxh91o-f99d010e622d480d940773e4d27f3390 av-special-heading-h1  avia-builder-el-1  avia-builder-el-no-sibling '><h1 class='av-special-heading-tag '  itemprop=\"headline\"  >\u00c0 propos du mastering et de mon travail<\/h1><div class=\"special-heading-border\"><div class=\"special-heading-inner-border\"><\/div><\/div><\/div><\/div>\n<div  class='flex_column av-4x4v0r-333dfba7f6a77b44cdd5cd6fc886de60 av_three_fifth  avia-builder-el-2  el_after_av_one_full  el_before_av_two_fifth  first flex_column_div  column-top-margin'     ><style type=\"text\/css\" data-created_by=\"avia_inline_auto\" id=\"style-css-av-l6xxmz2z-d6e63ff3f452df3d3d01e40a91b49038\">\n.avia-image-container.av-l6xxmz2z-d6e63ff3f452df3d3d01e40a91b49038 img.avia_image{\nbox-shadow:none;\n}\n.avia-image-container.av-l6xxmz2z-d6e63ff3f452df3d3d01e40a91b49038 .av-image-caption-overlay-center{\ncolor:#ffffff;\n}\n<\/style>\n<div  class='avia-image-container av-l6xxmz2z-d6e63ff3f452df3d3d01e40a91b49038 av-styling- avia-align-center  avia-builder-el-3  avia-builder-el-no-sibling '   itemprop=\"image\" itemscope=\"itemscope\" itemtype=\"https:\/\/schema.org\/ImageObject\" ><div class=\"avia-image-container-inner\"><div class=\"avia-image-overlay-wrap\"><img fetchpriority=\"high\" decoding=\"async\" fetchpriority=\"high\" fetchpriority=\"high\" class='wp-image-49150 avia-img-lazy-loading-not-49150 avia_image ' src=\"https:\/\/audioservices.studio\/wp-content\/uploads\/2014\/06\/header-about-me-1-1024x424.png\" alt='' title='header-about-me'  height=\"424\" width=\"1024\"  itemprop=\"thumbnailUrl\" srcset=\"https:\/\/audioservices.studio\/wp-content\/uploads\/2014\/06\/header-about-me-1-1024x424.png 1024w, https:\/\/audioservices.studio\/wp-content\/uploads\/2014\/06\/header-about-me-1-273x113.png 273w, https:\/\/audioservices.studio\/wp-content\/uploads\/2014\/06\/header-about-me-1-300x124.png 300w, https:\/\/audioservices.studio\/wp-content\/uploads\/2014\/06\/header-about-me-1-768x318.png 768w, https:\/\/audioservices.studio\/wp-content\/uploads\/2014\/06\/header-about-me-1.png 1728w\" sizes=\"(max-width: 1024px) 100vw, 1024px\" \/><\/div><\/div><\/div><\/div><div  class='flex_column av-jmnsgb-6c9adf094cdc00074135165e0acd4003 av_two_fifth  avia-builder-el-4  el_after_av_three_fifth  el_before_av_hr  flex_column_div  column-top-margin'     ><section  class='av_textblock_section av-l6xxkup1-2c70e38f981c1a7eaff8de88fed7e452 '   itemscope=\"itemscope\" itemtype=\"https:\/\/schema.org\/CreativeWork\" ><div class='avia_textblock'  itemprop=\"text\" ><h3>Connectez avec Pheek en ligne:<\/h3>\n<ul class=\"link-list\">\n<li><a href=\"http:\/\/pheek.bandcamp.com\">Pheek Bandcamp<\/a><\/li>\n<li><a href=\"https:\/\/archipel.bandcamp.com\/\">Archipel Bandcamp<\/a><\/li>\n<li><a href=\"https:\/\/www.discogs.com\/artist\/5866-Pheek\">Discogs<\/a><\/li>\n<li><a href=\"https:\/\/soundcloud.com\/pheek\">Soundcloud<\/a><\/li>\n<li><a href=\"https:\/\/www.residentadvisor.net\/dj\/pheek\">Resident Advisor<\/a><\/li>\n<\/ul>\n<\/div><\/section><\/div><\/p>\n\n<style type=\"text\/css\" data-created_by=\"avia_inline_auto\" id=\"style-css-av-l6xxntz7-38e50992afc4e32c0d1498150b6ee018\">\n#top .hr.hr-invisible.av-l6xxntz7-38e50992afc4e32c0d1498150b6ee018{\nheight:20px;\n}\n<\/style>\n<div  class='hr av-l6xxntz7-38e50992afc4e32c0d1498150b6ee018 hr-invisible  avia-builder-el-6  el_after_av_two_fifth  el_before_av_textblock '><span class='hr-inner '><span class=\"hr-inner-style\"><\/span><\/span><\/div>\n<section  class='av_textblock_section av-l6xxgsfh-61026754e0198853e9bdff4662b53721 '   itemscope=\"itemscope\" itemtype=\"https:\/\/schema.org\/CreativeWork\" ><div class='avia_textblock'  itemprop=\"text\" ><p>Il y a beaucoup de confusion autour de ce qu\u2019est le mastering. Voici la d\u00e9finition de Wikip\u00e9dia :<\/p>\n<blockquote>\n<p>\u00ab Le mastering, une forme de postproduction audio, est le processus de pr\u00e9paration et de transfert de l\u2019audio enregistr\u00e9 d\u2019une source contenant le mix final vers un dispositif de stockage de donn\u00e9es (le master)\u2009; la source \u00e0 partir de laquelle toutes les copies seront produites (via des m\u00e9thodes telles que le pressage, la duplication ou la r\u00e9plication). Le format de pr\u00e9dilection est aujourd\u2019hui le num\u00e9rique, bien que les masters analogiques, comme les cassettes audio, soient toujours utilis\u00e9s dans l\u2019industrie et par quelques ing\u00e9nieurs sp\u00e9cialis\u00e9s dans le mastering analogique. \u00bb<\/p>\n<\/blockquote>\n<p>Donc, fondamentalement, le mastering consiste \u00e0 pr\u00e9parer le son pour la fabrication. Pour le vinyle, il s\u2019agit de cr\u00e9er un vernis qui sera utilis\u00e9 pour faire la dublate, puis de presser le vinyle. Cela n\u00e9cessite \u00e9videmment un \u00e9quipement sp\u00e9cial, car il y a un aspect physique dans le processus de fabrication.<\/p>\n<p>Je ne cr\u00e9e pas de masters physiques \u00e0 moins que ce ne soit pour la fabrication d\u2019un CD. Ce que je fais, c\u2019est pr\u00e9parer votre musique pour la distribution num\u00e9rique (.mp3, .wav) en la faisant sonner aussi bien que les morceaux de votre artiste pr\u00e9f\u00e9r\u00e9. C\u2019est ce qu\u2019on appelle un pr\u00e9master.<\/p>\n<p>Beaucoup de gens croient que le plus fort est le mieux, mais je ne suis pas du tout d\u2019accord avec cette approche. Pour une chose, j\u2019ai remarqu\u00e9 que les pistes deviennent impr\u00e9cises et d\u2019une mani\u00e8re ou d\u2019une autre avec un son granuleux \u2014 pensez \u00e0 cela comme les appareils photo num\u00e9riques produisent une image pixelis\u00e9e dans de mauvaises conditions d\u2019\u00e9clairage. Je crois que les chansons devraient \u00eatre claires et ouvertes\u2009; la diff\u00e9rence \u00e0 la maison et dans un club est perceptible et les DJs peuvent toujours augmenter le gain s\u2019ils ne sont pas satisfaits du volume.<\/p>\n<p>En tant que propri\u00e9taire de label, j\u2019appr\u00e9cie d\u2019\u00eatre tr\u00e8s prudent avec le partage de la musique. J\u2019utilise un cloud priv\u00e9 et s\u00e9curis\u00e9 pour les sauvegardes.<\/p>\n<h2>Pourquoi devrais-je masteriser ma musique\u2009? Quelle diff\u00e9rence cela fera\u2009?<\/h2>\n<p>Lorsque nous cr\u00e9ons de la musique, nous perdons parfois de vue comment les choses devraient sonner, parce que nous connaissons tous les d\u00e9tails et qu\u2019il peut devenir difficile de donner la priorit\u00e9 aux bonnes fr\u00e9quences. Demander \u00e0 quelqu\u2019un qui a acc\u00e8s \u00e0 un syst\u00e8me de sonorisation appropri\u00e9 peut grandement aider \u00e0 faire une diff\u00e9rence dans les ajustements de fr\u00e9quences.<\/p>\n<p>Il y a cependant des limites aux tours de magie que l\u2019on peut apporter \u00e0 certains mixdowns. Parfois, il se peut que je doive refaire compl\u00e8tement le mix (voir \u00ab Pr\u00e9parer les fichiers \u00bb pour plus de d\u00e9tails) afin d\u2019obtenir de meilleurs r\u00e9sultats, mais gardez \u00e0 l\u2019esprit que je n\u2019ai pas un studio comme celui de l\u2019\u00e9quipe de C\u00e9line Dion, donc je pourrais ne pas \u00eatre capable de reproduire leur son\u2009! C\u2019est pourquoi, quand je re\u00e7ois un fichier, j\u2019ai besoin qu\u2019il soit dans le meilleur \u00e9tat possible et il n\u2019est pas impossible que, de temps en temps, je demande un nouveau mixage.<\/p>\n<h4>Qu\u2019est-ce que le mastering ?<\/h4>\n<h5>Postproduction audio<\/h5>\n<p>Le processus de pr\u00e9paration et de transfert de l\u2019audio enregistr\u00e9 d\u2019une source contenant le mix final vers un dispositif de stockage de donn\u00e9es (le master)\u2009; la source \u00e0 partir de laquelle toutes les copies seront produites (via des m\u00e9thodes telles que le pressage, la duplication ou la r\u00e9plication). Le format de pr\u00e9dilection est aujourd\u2019hui le num\u00e9rique, bien que les masters analogiques, comme les cassettes audio, soient toujours utilis\u00e9s dans l\u2019industrie. C\u2019est pourquoi je propose \u00e9galement des masterings analogiques.<\/p>\n<h4>Pourquoi masteriser\u2009?<\/h4>\n<h5>Un son juste partout<\/h5>\n<p>Bien s\u00fbr, vous avez ajust\u00e9 tous vos niveaux et \u00e9galiseurs pour que votre dernier morceau sonne sur les moniteurs de votre studio. Qu\u2019en est-il pour la voiture, la maison, le club, le festival, la plage, les \u00e9couteurs et malheureusement m\u00eame les haut-parleurs d\u2019ordinateur portable\u2009! J\u2019aiderai \u00e0 \u00e9quilibrer le son de votre morceau partout o\u00f9 il voyage\u2009!<\/p>\n<h4>Pourquoi moi\u2009?<\/h4>\n<h5>Plus qu\u2019un mastering<\/h5>\n<p>Je produis de la musique depuis 15 ans. Je suis sp\u00e9cialis\u00e9 dans la cr\u00e9ation de musique \u00e9lectronique, mais j\u2019ai travaill\u00e9 dans le Hip Hop, le Funk, le Rock et plus encore. J\u2019ai une formation d\u2019ing\u00e9nieur du son et je suis professeur depuis de nombreuses ann\u00e9es. J\u2019ai de l\u2019exp\u00e9rience dans la gestion de label et une longue liste de contacts. Laissez-moi vous aider.<\/p>\n<\/div><\/section>\n","protected":false},"excerpt":{"rendered":"","protected":false},"author":1,"featured_media":0,"parent":0,"menu_order":0,"comment_status":"open","ping_status":"open","template":"","meta":{"_acf_changed":false,"footnotes":""},"class_list":["post-30515","page","type-page","status-publish","hentry"],"acf":[],"yoast_head":"<!-- This site is optimized with the Yoast SEO plugin v27.3 - https:\/\/yoast.com\/product\/yoast-seo-wordpress\/ -->\n<title>Mon exp\u00e9rience PHEEK | AudioServices Studio<\/title>\n<meta name=\"description\" content=\"D\u00e9couvrez l\u2019exp\u00e9rience professionnelle compl\u00e8te derri\u00e8re AudioServices Studio : mixage, mastering et passion pour la musique depuis 2001\" \/>\n<meta name=\"robots\" content=\"index, follow, max-snippet:-1, max-image-preview:large, max-video-preview:-1\" \/>\n<link rel=\"canonical\" href=\"https:\/\/audioservices.studio\/fr\/mon-experience\" \/>\n<meta property=\"og:locale\" content=\"fr_FR\" \/>\n<meta property=\"og:type\" content=\"article\" \/>\n<meta property=\"og:title\" content=\"Mon exp\u00e9rience PHEEK | AudioServices Studio\" \/>\n<meta property=\"og:description\" content=\"D\u00e9couvrez l\u2019exp\u00e9rience professionnelle compl\u00e8te derri\u00e8re AudioServices Studio : mixage, mastering et passion pour la musique depuis 2001\" \/>\n<meta property=\"og:url\" content=\"https:\/\/audioservices.studio\/fr\/mon-experience\" \/>\n<meta property=\"og:site_name\" content=\"Pheek&#039;s Mixdown and Mastering\" \/>\n<meta property=\"article:modified_time\" content=\"2025-12-03T16:01:34+00:00\" \/>\n<meta name=\"twitter:card\" content=\"summary_large_image\" \/>\n<meta name=\"twitter:label1\" content=\"Dur\u00e9e de lecture estim\u00e9e\" \/>\n\t<meta name=\"twitter:data1\" content=\"4 minutes\" \/>\n<script type=\"application\/ld+json\" class=\"yoast-schema-graph\">{\"@context\":\"https:\\\/\\\/schema.org\",\"@graph\":[{\"@type\":\"WebPage\",\"@id\":\"https:\\\/\\\/audioservices.studio\\\/fr\\\/mon-experience\",\"url\":\"https:\\\/\\\/audioservices.studio\\\/fr\\\/mon-experience\",\"name\":\"Mon exp\u00e9rience PHEEK | AudioServices Studio\",\"isPartOf\":{\"@id\":\"https:\\\/\\\/audioservices.studio\\\/fr#website\"},\"datePublished\":\"2014-06-02T13:22:38+00:00\",\"dateModified\":\"2025-12-03T16:01:34+00:00\",\"description\":\"D\u00e9couvrez l\u2019exp\u00e9rience professionnelle compl\u00e8te derri\u00e8re AudioServices Studio : mixage, mastering et passion pour la musique depuis 2001\",\"breadcrumb\":{\"@id\":\"https:\\\/\\\/audioservices.studio\\\/fr\\\/mon-experience#breadcrumb\"},\"inLanguage\":\"fr-FR\",\"potentialAction\":[{\"@type\":\"ReadAction\",\"target\":[\"https:\\\/\\\/audioservices.studio\\\/fr\\\/mon-experience\"]}]},{\"@type\":\"BreadcrumbList\",\"@id\":\"https:\\\/\\\/audioservices.studio\\\/fr\\\/mon-experience#breadcrumb\",\"itemListElement\":[{\"@type\":\"ListItem\",\"position\":1,\"name\":\"Home\",\"item\":\"https:\\\/\\\/audioservices.studio\\\/fr\"},{\"@type\":\"ListItem\",\"position\":2,\"name\":\"Mon exp\u00e9rience\"}]},{\"@type\":\"WebSite\",\"@id\":\"https:\\\/\\\/audioservices.studio\\\/fr#website\",\"url\":\"https:\\\/\\\/audioservices.studio\\\/fr\",\"name\":\"Pheek&#039;s Mixdown and Mastering\",\"description\":\"Making you fall in love with your music\",\"potentialAction\":[{\"@type\":\"SearchAction\",\"target\":{\"@type\":\"EntryPoint\",\"urlTemplate\":\"https:\\\/\\\/audioservices.studio\\\/fr?s={search_term_string}\"},\"query-input\":{\"@type\":\"PropertyValueSpecification\",\"valueRequired\":true,\"valueName\":\"search_term_string\"}}],\"inLanguage\":\"fr-FR\"}]}<\/script>\n<!-- \/ Yoast SEO plugin. -->","yoast_head_json":{"title":"Mon exp\u00e9rience PHEEK | AudioServices Studio","description":"D\u00e9couvrez l\u2019exp\u00e9rience professionnelle compl\u00e8te derri\u00e8re AudioServices Studio : mixage, mastering et passion pour la musique depuis 2001","robots":{"index":"index","follow":"follow","max-snippet":"max-snippet:-1","max-image-preview":"max-image-preview:large","max-video-preview":"max-video-preview:-1"},"canonical":"https:\/\/audioservices.studio\/fr\/mon-experience","og_locale":"fr_FR","og_type":"article","og_title":"Mon exp\u00e9rience PHEEK | AudioServices Studio","og_description":"D\u00e9couvrez l\u2019exp\u00e9rience professionnelle compl\u00e8te derri\u00e8re AudioServices Studio : mixage, mastering et passion pour la musique depuis 2001","og_url":"https:\/\/audioservices.studio\/fr\/mon-experience","og_site_name":"Pheek&#039;s Mixdown and Mastering","article_modified_time":"2025-12-03T16:01:34+00:00","twitter_card":"summary_large_image","twitter_misc":{"Dur\u00e9e de lecture estim\u00e9e":"4 minutes"},"schema":{"@context":"https:\/\/schema.org","@graph":[{"@type":"WebPage","@id":"https:\/\/audioservices.studio\/fr\/mon-experience","url":"https:\/\/audioservices.studio\/fr\/mon-experience","name":"Mon exp\u00e9rience PHEEK | AudioServices Studio","isPartOf":{"@id":"https:\/\/audioservices.studio\/fr#website"},"datePublished":"2014-06-02T13:22:38+00:00","dateModified":"2025-12-03T16:01:34+00:00","description":"D\u00e9couvrez l\u2019exp\u00e9rience professionnelle compl\u00e8te derri\u00e8re AudioServices Studio : mixage, mastering et passion pour la musique depuis 2001","breadcrumb":{"@id":"https:\/\/audioservices.studio\/fr\/mon-experience#breadcrumb"},"inLanguage":"fr-FR","potentialAction":[{"@type":"ReadAction","target":["https:\/\/audioservices.studio\/fr\/mon-experience"]}]},{"@type":"BreadcrumbList","@id":"https:\/\/audioservices.studio\/fr\/mon-experience#breadcrumb","itemListElement":[{"@type":"ListItem","position":1,"name":"Home","item":"https:\/\/audioservices.studio\/fr"},{"@type":"ListItem","position":2,"name":"Mon exp\u00e9rience"}]},{"@type":"WebSite","@id":"https:\/\/audioservices.studio\/fr#website","url":"https:\/\/audioservices.studio\/fr","name":"Pheek&#039;s Mixdown and Mastering","description":"Making you fall in love with your music","potentialAction":[{"@type":"SearchAction","target":{"@type":"EntryPoint","urlTemplate":"https:\/\/audioservices.studio\/fr?s={search_term_string}"},"query-input":{"@type":"PropertyValueSpecification","valueRequired":true,"valueName":"search_term_string"}}],"inLanguage":"fr-FR"}]}},"_links":{"self":[{"href":"https:\/\/audioservices.studio\/fr\/wp-json\/wp\/v2\/pages\/30515","targetHints":{"allow":["GET"]}}],"collection":[{"href":"https:\/\/audioservices.studio\/fr\/wp-json\/wp\/v2\/pages"}],"about":[{"href":"https:\/\/audioservices.studio\/fr\/wp-json\/wp\/v2\/types\/page"}],"author":[{"embeddable":true,"href":"https:\/\/audioservices.studio\/fr\/wp-json\/wp\/v2\/users\/1"}],"replies":[{"embeddable":true,"href":"https:\/\/audioservices.studio\/fr\/wp-json\/wp\/v2\/comments?post=30515"}],"version-history":[{"count":3,"href":"https:\/\/audioservices.studio\/fr\/wp-json\/wp\/v2\/pages\/30515\/revisions"}],"predecessor-version":[{"id":53524,"href":"https:\/\/audioservices.studio\/fr\/wp-json\/wp\/v2\/pages\/30515\/revisions\/53524"}],"wp:attachment":[{"href":"https:\/\/audioservices.studio\/fr\/wp-json\/wp\/v2\/media?parent=30515"}],"curies":[{"name":"wp","href":"https:\/\/api.w.org\/{rel}","templated":true}]}}