{"id":30529,"date":"2016-04-18T15:58:28","date_gmt":"2016-04-18T19:58:28","guid":{"rendered":"https:\/\/audioservices.appwapp.com\/?page_id=30529"},"modified":"2018-02-22T09:50:50","modified_gmt":"2018-02-22T14:50:50","slug":"tarifs-mixdown","status":"publish","type":"page","link":"https:\/\/audioservices.studio\/fr\/tarifs-mixdown","title":{"rendered":"Tarifs Mixdown"},"content":{"rendered":"<h2><strong><a href=\"https:\/\/audioservices.studio\/wp-content\/uploads\/2016\/04\/mixer2.jpg\"><img fetchpriority=\"high\" decoding=\"async\" class=\"size-medium wp-image-23217 alignright\" src=\"https:\/\/audioservices.studio\/wp-content\/uploads\/2016\/04\/mixer2-300x200.jpg\" alt=\"\u00c9quipement studio professionnel pour le mix.\" width=\"300\" height=\"200\" srcset=\"https:\/\/audioservices.studio\/wp-content\/uploads\/2016\/04\/mixer2-300x200.jpg 300w, https:\/\/audioservices.studio\/wp-content\/uploads\/2016\/04\/mixer2-273x182.jpg 273w, https:\/\/audioservices.studio\/wp-content\/uploads\/2016\/04\/mixer2-768x512.jpg 768w, https:\/\/audioservices.studio\/wp-content\/uploads\/2016\/04\/mixer2-1024x683.jpg 1024w, https:\/\/audioservices.studio\/wp-content\/uploads\/2016\/04\/mixer2-700x467.jpg 700w, https:\/\/audioservices.studio\/wp-content\/uploads\/2016\/04\/mixer2-1100x733.jpg 1100w, https:\/\/audioservices.studio\/wp-content\/uploads\/2016\/04\/mixer2-195x130.jpg 195w, https:\/\/audioservices.studio\/wp-content\/uploads\/2016\/04\/mixer2.jpg 1200w\" sizes=\"(max-width: 300px) 100vw, 300px\" \/><\/a>QU&rsquo;EST-CE QU&rsquo;UN MIXDOWN ?<\/strong><\/h2>\n<p>Une fois que votre track est pr\u00eate, vous devez vous assurer que tous les niveaux sont r\u00e9gl\u00e9s correctement et que les sons sont \u00e9galis\u00e9s pour que tout s\u2019harmonise \u00e0 la perfection. Vous savez que votre mix est pr\u00eat pour le mastering une fois que vous pouvez entendre tous les sons distinctement et que vous n\u2019avez pas \u00e0 batailler entre certains d\u2019entre eux pour les faire ressortir correctement. Le mix est un art, tout comme la production, et il requiert les bons outils et de l\u2019exp\u00e9rience.<\/p>\n<p>&nbsp;<\/p>\n<h2><strong>POURQUOI TRAVAILLER AVEC QUELQU\u2019UN D\u2019AUTRE POUR FAIRE VOS MIX\u2009?<\/strong><\/h2>\n<p>Principalement parce que vous voulez garder votre flow cr\u00e9atif et compter sur quelqu\u2019un d\u2019exp\u00e9riment\u00e9 pour g\u00e9rer le reste. De plus, il se peut que vous n\u2019ayez pas le budget n\u00e9cessaire pour acheter constamment les meilleurs plug-ins ou \u00e9quipements pour faire ce travail. Enfin, avoir une autre oreille pour voir ce qui se passe sur votre morceau peut vous donner une toute nouvelle perspective \u00e0 laquelle vous n\u2019avez pas pens\u00e9.<\/p>\n<p>&nbsp;<\/p>\n<p><a href=\"https:\/\/audioservices.studio\/wp-content\/uploads\/2016\/04\/daw.jpg\"><img decoding=\"async\" class=\"size-medium wp-image-23218 alignleft\" src=\"https:\/\/audioservices.studio\/wp-content\/uploads\/2016\/04\/daw-300x186.jpg\" alt=\"Home studio d'enregistrement avec enceintes de monitoring professionnelles et clavier MIDI.\" width=\"300\" height=\"186\" srcset=\"https:\/\/audioservices.studio\/wp-content\/uploads\/2016\/04\/daw-300x186.jpg 300w, https:\/\/audioservices.studio\/wp-content\/uploads\/2016\/04\/daw-273x169.jpg 273w, https:\/\/audioservices.studio\/wp-content\/uploads\/2016\/04\/daw-768x476.jpg 768w, https:\/\/audioservices.studio\/wp-content\/uploads\/2016\/04\/daw-1024x634.jpg 1024w, https:\/\/audioservices.studio\/wp-content\/uploads\/2016\/04\/daw-700x433.jpg 700w, https:\/\/audioservices.studio\/wp-content\/uploads\/2016\/04\/daw-1100x681.jpg 1100w, https:\/\/audioservices.studio\/wp-content\/uploads\/2016\/04\/daw-200x124.jpg 200w, https:\/\/audioservices.studio\/wp-content\/uploads\/2016\/04\/daw.jpg 1200w\" sizes=\"(max-width: 300px) 100vw, 300px\" \/><\/a><\/p>\n<h2><strong>DOIS-JE VOUS ENVOYER LES STEMS OU LE PROJET ABLETON\u2009?<\/strong><\/h2>\n<p>Les deux conviennent, c\u2019est comme vous pr\u00e9f\u00e9rez. Si vous utilisez beaucoup de VSTs, je vous recommande d\u2019exporter la piste comme un stem. L\u2019avantage de m\u2019envoyer votre projet entier est de me donner la possibilit\u00e9 de corriger des d\u00e9tails mineurs qui peuvent faire une \u00e9norme diff\u00e9rence. De plus, je donne toujours des conseils et des commentaires sur la production, de fa\u00e7on tr\u00e8s d\u00e9taill\u00e9e.<\/p>\n<p>&nbsp;<\/p>\n<p><strong>Pr\u00eat \u00e0 commander\u2009?<\/strong><\/p>\n<p>Pour commander le <strong>mixdown d\u2019une piste<\/strong>, consultez les options <a href=\"https:\/\/audioservices.studio\/product\/mixdown\">ici<\/a>.<\/p>\n<p>Si vous souhaitez faire <strong>plusieurs mixdowns<\/strong> et que vous voulez les acheter en lots, envoyez-moi un courriel afin que nous puissions planifier votre projet de fa\u00e7on appropri\u00e9e.<\/p>\n","protected":false},"excerpt":{"rendered":"<p>QU&rsquo;EST-CE QU&rsquo;UN MIXDOWN ? Une fois que votre track est pr\u00eate, vous devez vous assurer que tous les niveaux sont r\u00e9gl\u00e9s correctement et que les sons sont \u00e9galis\u00e9s pour que tout s\u2019harmonise \u00e0 la perfection. Vous savez que votre mix est pr\u00eat pour le mastering une fois que vous pouvez entendre tous les sons distinctement [&hellip;]<\/p>\n","protected":false},"author":237,"featured_media":49066,"parent":0,"menu_order":0,"comment_status":"closed","ping_status":"closed","template":"","meta":{"_acf_changed":false,"footnotes":""},"class_list":["post-30529","page","type-page","status-publish","has-post-thumbnail","hentry"],"acf":[],"yoast_head":"<!-- This site is optimized with the Yoast SEO plugin v27.3 - https:\/\/yoast.com\/product\/yoast-seo-wordpress\/ -->\n<title>Tarifs Mixdown - Pheek&#039;s Mixdown and Mastering<\/title>\n<meta name=\"robots\" content=\"index, follow, max-snippet:-1, max-image-preview:large, max-video-preview:-1\" \/>\n<link rel=\"canonical\" href=\"https:\/\/audioservices.studio\/fr\/tarifs-mixdown\" \/>\n<meta property=\"og:locale\" content=\"fr_FR\" \/>\n<meta property=\"og:type\" content=\"article\" \/>\n<meta property=\"og:title\" content=\"Tarifs Mixdown - Pheek&#039;s Mixdown and Mastering\" \/>\n<meta property=\"og:description\" content=\"QU&rsquo;EST-CE QU&rsquo;UN MIXDOWN ? Une fois que votre track est pr\u00eate, vous devez vous assurer que tous les niveaux sont r\u00e9gl\u00e9s correctement et que les sons sont \u00e9galis\u00e9s pour que tout s\u2019harmonise \u00e0 la perfection. Vous savez que votre mix est pr\u00eat pour le mastering une fois que vous pouvez entendre tous les sons distinctement [&hellip;]\" \/>\n<meta property=\"og:url\" content=\"https:\/\/audioservices.studio\/fr\/tarifs-mixdown\" \/>\n<meta property=\"og:site_name\" content=\"Pheek&#039;s Mixdown and Mastering\" \/>\n<meta property=\"article:modified_time\" content=\"2018-02-22T14:50:50+00:00\" \/>\n<meta property=\"og:image\" content=\"https:\/\/audioservices.studio\/wp-content\/uploads\/2016\/04\/AdobeStock_87266144.jpeg\" \/>\n\t<meta property=\"og:image:width\" content=\"1000\" \/>\n\t<meta property=\"og:image:height\" content=\"667\" \/>\n\t<meta property=\"og:image:type\" content=\"image\/jpeg\" \/>\n<meta name=\"twitter:card\" content=\"summary_large_image\" \/>\n<meta name=\"twitter:label1\" content=\"Dur\u00e9e de lecture estim\u00e9e\" \/>\n\t<meta name=\"twitter:data1\" content=\"2 minutes\" \/>\n<script type=\"application\/ld+json\" class=\"yoast-schema-graph\">{\"@context\":\"https:\\\/\\\/schema.org\",\"@graph\":[{\"@type\":\"WebPage\",\"@id\":\"https:\\\/\\\/audioservices.studio\\\/fr\\\/tarifs-mixdown\",\"url\":\"https:\\\/\\\/audioservices.studio\\\/fr\\\/tarifs-mixdown\",\"name\":\"Tarifs Mixdown - Pheek&#039;s Mixdown and Mastering\",\"isPartOf\":{\"@id\":\"https:\\\/\\\/audioservices.studio\\\/fr#website\"},\"primaryImageOfPage\":{\"@id\":\"https:\\\/\\\/audioservices.studio\\\/fr\\\/tarifs-mixdown#primaryimage\"},\"image\":{\"@id\":\"https:\\\/\\\/audioservices.studio\\\/fr\\\/tarifs-mixdown#primaryimage\"},\"thumbnailUrl\":\"https:\\\/\\\/audioservices.studio\\\/wp-content\\\/uploads\\\/2016\\\/04\\\/AdobeStock_87266144.jpeg\",\"datePublished\":\"2016-04-18T19:58:28+00:00\",\"dateModified\":\"2018-02-22T14:50:50+00:00\",\"breadcrumb\":{\"@id\":\"https:\\\/\\\/audioservices.studio\\\/fr\\\/tarifs-mixdown#breadcrumb\"},\"inLanguage\":\"fr-FR\",\"potentialAction\":[{\"@type\":\"ReadAction\",\"target\":[\"https:\\\/\\\/audioservices.studio\\\/fr\\\/tarifs-mixdown\"]}]},{\"@type\":\"ImageObject\",\"inLanguage\":\"fr-FR\",\"@id\":\"https:\\\/\\\/audioservices.studio\\\/fr\\\/tarifs-mixdown#primaryimage\",\"url\":\"https:\\\/\\\/audioservices.studio\\\/wp-content\\\/uploads\\\/2016\\\/04\\\/AdobeStock_87266144.jpeg\",\"contentUrl\":\"https:\\\/\\\/audioservices.studio\\\/wp-content\\\/uploads\\\/2016\\\/04\\\/AdobeStock_87266144.jpeg\",\"width\":1000,\"height\":667},{\"@type\":\"BreadcrumbList\",\"@id\":\"https:\\\/\\\/audioservices.studio\\\/fr\\\/tarifs-mixdown#breadcrumb\",\"itemListElement\":[{\"@type\":\"ListItem\",\"position\":1,\"name\":\"Home\",\"item\":\"https:\\\/\\\/audioservices.studio\\\/fr\"},{\"@type\":\"ListItem\",\"position\":2,\"name\":\"Tous les packs et services\",\"item\":\"https:\\\/\\\/audioservices.studio\\\/fr\\\/tous-les-packs-et-services\"},{\"@type\":\"ListItem\",\"position\":3,\"name\":\"Tarifs Mixdown\"}]},{\"@type\":\"WebSite\",\"@id\":\"https:\\\/\\\/audioservices.studio\\\/fr#website\",\"url\":\"https:\\\/\\\/audioservices.studio\\\/fr\",\"name\":\"Pheek&#039;s Mixdown and Mastering\",\"description\":\"Making you fall in love with your music\",\"potentialAction\":[{\"@type\":\"SearchAction\",\"target\":{\"@type\":\"EntryPoint\",\"urlTemplate\":\"https:\\\/\\\/audioservices.studio\\\/fr?s={search_term_string}\"},\"query-input\":{\"@type\":\"PropertyValueSpecification\",\"valueRequired\":true,\"valueName\":\"search_term_string\"}}],\"inLanguage\":\"fr-FR\"}]}<\/script>\n<!-- \/ Yoast SEO plugin. -->","yoast_head_json":{"title":"Tarifs Mixdown - Pheek&#039;s Mixdown and Mastering","robots":{"index":"index","follow":"follow","max-snippet":"max-snippet:-1","max-image-preview":"max-image-preview:large","max-video-preview":"max-video-preview:-1"},"canonical":"https:\/\/audioservices.studio\/fr\/tarifs-mixdown","og_locale":"fr_FR","og_type":"article","og_title":"Tarifs Mixdown - Pheek&#039;s Mixdown and Mastering","og_description":"QU&rsquo;EST-CE QU&rsquo;UN MIXDOWN ? Une fois que votre track est pr\u00eate, vous devez vous assurer que tous les niveaux sont r\u00e9gl\u00e9s correctement et que les sons sont \u00e9galis\u00e9s pour que tout s\u2019harmonise \u00e0 la perfection. Vous savez que votre mix est pr\u00eat pour le mastering une fois que vous pouvez entendre tous les sons distinctement [&hellip;]","og_url":"https:\/\/audioservices.studio\/fr\/tarifs-mixdown","og_site_name":"Pheek&#039;s Mixdown and Mastering","article_modified_time":"2018-02-22T14:50:50+00:00","og_image":[{"width":1000,"height":667,"url":"https:\/\/audioservices.studio\/wp-content\/uploads\/2016\/04\/AdobeStock_87266144.jpeg","type":"image\/jpeg"}],"twitter_card":"summary_large_image","twitter_misc":{"Dur\u00e9e de lecture estim\u00e9e":"2 minutes"},"schema":{"@context":"https:\/\/schema.org","@graph":[{"@type":"WebPage","@id":"https:\/\/audioservices.studio\/fr\/tarifs-mixdown","url":"https:\/\/audioservices.studio\/fr\/tarifs-mixdown","name":"Tarifs Mixdown - Pheek&#039;s Mixdown and Mastering","isPartOf":{"@id":"https:\/\/audioservices.studio\/fr#website"},"primaryImageOfPage":{"@id":"https:\/\/audioservices.studio\/fr\/tarifs-mixdown#primaryimage"},"image":{"@id":"https:\/\/audioservices.studio\/fr\/tarifs-mixdown#primaryimage"},"thumbnailUrl":"https:\/\/audioservices.studio\/wp-content\/uploads\/2016\/04\/AdobeStock_87266144.jpeg","datePublished":"2016-04-18T19:58:28+00:00","dateModified":"2018-02-22T14:50:50+00:00","breadcrumb":{"@id":"https:\/\/audioservices.studio\/fr\/tarifs-mixdown#breadcrumb"},"inLanguage":"fr-FR","potentialAction":[{"@type":"ReadAction","target":["https:\/\/audioservices.studio\/fr\/tarifs-mixdown"]}]},{"@type":"ImageObject","inLanguage":"fr-FR","@id":"https:\/\/audioservices.studio\/fr\/tarifs-mixdown#primaryimage","url":"https:\/\/audioservices.studio\/wp-content\/uploads\/2016\/04\/AdobeStock_87266144.jpeg","contentUrl":"https:\/\/audioservices.studio\/wp-content\/uploads\/2016\/04\/AdobeStock_87266144.jpeg","width":1000,"height":667},{"@type":"BreadcrumbList","@id":"https:\/\/audioservices.studio\/fr\/tarifs-mixdown#breadcrumb","itemListElement":[{"@type":"ListItem","position":1,"name":"Home","item":"https:\/\/audioservices.studio\/fr"},{"@type":"ListItem","position":2,"name":"Tous les packs et services","item":"https:\/\/audioservices.studio\/fr\/tous-les-packs-et-services"},{"@type":"ListItem","position":3,"name":"Tarifs Mixdown"}]},{"@type":"WebSite","@id":"https:\/\/audioservices.studio\/fr#website","url":"https:\/\/audioservices.studio\/fr","name":"Pheek&#039;s Mixdown and Mastering","description":"Making you fall in love with your music","potentialAction":[{"@type":"SearchAction","target":{"@type":"EntryPoint","urlTemplate":"https:\/\/audioservices.studio\/fr?s={search_term_string}"},"query-input":{"@type":"PropertyValueSpecification","valueRequired":true,"valueName":"search_term_string"}}],"inLanguage":"fr-FR"}]}},"_links":{"self":[{"href":"https:\/\/audioservices.studio\/fr\/wp-json\/wp\/v2\/pages\/30529","targetHints":{"allow":["GET"]}}],"collection":[{"href":"https:\/\/audioservices.studio\/fr\/wp-json\/wp\/v2\/pages"}],"about":[{"href":"https:\/\/audioservices.studio\/fr\/wp-json\/wp\/v2\/types\/page"}],"author":[{"embeddable":true,"href":"https:\/\/audioservices.studio\/fr\/wp-json\/wp\/v2\/users\/237"}],"replies":[{"embeddable":true,"href":"https:\/\/audioservices.studio\/fr\/wp-json\/wp\/v2\/comments?post=30529"}],"version-history":[{"count":0,"href":"https:\/\/audioservices.studio\/fr\/wp-json\/wp\/v2\/pages\/30529\/revisions"}],"wp:featuredmedia":[{"embeddable":true,"href":"https:\/\/audioservices.studio\/fr\/wp-json\/wp\/v2\/media\/49066"}],"wp:attachment":[{"href":"https:\/\/audioservices.studio\/fr\/wp-json\/wp\/v2\/media?parent=30529"}],"curies":[{"name":"wp","href":"https:\/\/api.w.org\/{rel}","templated":true}]}}