{"id":30531,"date":"2016-04-18T15:57:40","date_gmt":"2016-04-18T19:57:40","guid":{"rendered":"https:\/\/audioservices.appwapp.com\/?page_id=30531"},"modified":"2018-02-22T09:50:57","modified_gmt":"2018-02-22T14:50:57","slug":"besoin-dun-mastering","status":"publish","type":"page","link":"https:\/\/audioservices.studio\/fr\/besoin-dun-mastering","title":{"rendered":"Besoin d&rsquo;un mastering ?"},"content":{"rendered":"<h3><strong><a href=\"https:\/\/audioservices.studio\/wp-content\/uploads\/2016\/04\/mixer.jpg\"><img fetchpriority=\"high\" decoding=\"async\" class=\"alignright wp-image-23208 size-medium\" src=\"https:\/\/audioservices.studio\/wp-content\/uploads\/2016\/04\/mixer-300x199.jpg\" alt=\"Le mastering devrait \u00eatre laiss\u00e9 \u00e0 un expert. Je peux aider.\" width=\"300\" height=\"199\" srcset=\"https:\/\/audioservices.studio\/wp-content\/uploads\/2016\/04\/mixer-300x199.jpg 300w, https:\/\/audioservices.studio\/wp-content\/uploads\/2016\/04\/mixer-273x181.jpg 273w, https:\/\/audioservices.studio\/wp-content\/uploads\/2016\/04\/mixer-768x509.jpg 768w, https:\/\/audioservices.studio\/wp-content\/uploads\/2016\/04\/mixer-1024x678.jpg 1024w, https:\/\/audioservices.studio\/wp-content\/uploads\/2016\/04\/mixer-700x464.jpg 700w, https:\/\/audioservices.studio\/wp-content\/uploads\/2016\/04\/mixer-1100x729.jpg 1100w, https:\/\/audioservices.studio\/wp-content\/uploads\/2016\/04\/mixer-196x130.jpg 196w, https:\/\/audioservices.studio\/wp-content\/uploads\/2016\/04\/mixer.jpg 1200w\" sizes=\"(max-width: 300px) 100vw, 300px\" \/><\/a>QU\u2019EST-CE QUE LE MASTERING\u2009?<\/strong><\/h3>\n<p>Le mastering est la derni\u00e8re \u00e9tape de votre processus de production, et il est pr\u00e9f\u00e9rable de l\u2019assigner \u00e0 quelqu\u2019un d\u2019autre pour que votre travail puisse b\u00e9n\u00e9ficier d\u2019une seconde paire d\u2019oreilles. Je fais cela depuis 2002, et j\u2019ai tous les bons outils pour faire le travail comme vous le voulez. Je vais pr\u00e9parer votre master pour le march\u00e9 en faisant sonner votre style \u00e0 merveille, peu importe o\u00f9 il est jou\u00e9.<\/p>\n<h3><strong>POURQUOI FAIRE UN MASTERING\u2009?<\/strong><\/h3>\n<p>Parce que vous voulez que votre musique soit parfaite. Cela signifie les bons niveaux, le volume global, la compression et le contr\u00f4le du grain. Mon esth\u00e9tique g\u00e9n\u00e9rale tend vers des sons bien arrondis et pleins, mais je peux adapter le master selon vos go\u00fbts. \u00c9tant moi-m\u00eame artiste, je sais comment tirer le meilleur parti de votre travail. Votre ing\u00e9nieur de mastering sait comment cr\u00e9er une exp\u00e9rience musicale agr\u00e9able.<\/p>\n<h3><strong>NUM\u00c9RIQUE OU ANALOGIQUE\u2009?<\/strong><\/h3>\n<p>C\u2019est une question de go\u00fbt. L\u2019analogique peut sembler plus chaud, mais le num\u00e9rique est plus pr\u00e9cis. Il y a de la place pour les deux, et parfois un m\u00e9lange des deux peut donner \u00e0 vos morceaux la couleur ou le caract\u00e8re dont ils ont besoin.<\/p>\n<h3><em><strong><a href=\"https:\/\/audioservices.studio\/wp-content\/uploads\/2016\/01\/2guys_sm.jpg\"><img decoding=\"async\" class=\"size-medium wp-image-22400 alignleft\" src=\"https:\/\/audioservices.studio\/wp-content\/uploads\/2016\/01\/2guys_sm-300x200.jpg\" alt=\"les amis peuvent coacher\" width=\"300\" height=\"200\" srcset=\"https:\/\/audioservices.studio\/wp-content\/uploads\/2016\/01\/2guys_sm-300x200.jpg 300w, https:\/\/audioservices.studio\/wp-content\/uploads\/2016\/01\/2guys_sm-273x182.jpg 273w, https:\/\/audioservices.studio\/wp-content\/uploads\/2016\/01\/2guys_sm-768x512.jpg 768w, https:\/\/audioservices.studio\/wp-content\/uploads\/2016\/01\/2guys_sm-1024x683.jpg 1024w, https:\/\/audioservices.studio\/wp-content\/uploads\/2016\/01\/2guys_sm-700x467.jpg 700w, https:\/\/audioservices.studio\/wp-content\/uploads\/2016\/01\/2guys_sm-1100x733.jpg 1100w, https:\/\/audioservices.studio\/wp-content\/uploads\/2016\/01\/2guys_sm.jpg 1200w\" sizes=\"(max-width: 300px) 100vw, 300px\" \/><\/a><a href=\"https:\/\/audioservices.studio\/product\/mastering\">PR\u00caT \u00c0 COMMANDER\u2009??<\/a><\/strong><\/em><\/h3>\n<p>&nbsp;<\/p>\n<p>&nbsp;<\/p>\n<p>&nbsp;<\/p>\n<p>&nbsp;<\/p>\n<p>Vous \u00eates un label ou un artiste \u00e0 la recherche d\u2019une relation durable et d\u2019une <a href=\"https:\/\/audioservices.studio\/blog\/how-to-define-your-labels-identity-with-your-sound-engineer\">signature sonore<\/a> sur mesure\u2009? Jetez un coup d\u2019\u0153il \u00e0 mon blogue pour en savoir plus, ou <a href=\"http:\/\/info@pheek.com\">envoyez-moi un courriel <\/a> afin de profiter de mes services personnalis\u00e9s.<\/p>\n","protected":false},"excerpt":{"rendered":"<p>QU\u2019EST-CE QUE LE MASTERING\u2009? Le mastering est la derni\u00e8re \u00e9tape de votre processus de production, et il est pr\u00e9f\u00e9rable de l\u2019assigner \u00e0 quelqu\u2019un d\u2019autre pour que votre travail puisse b\u00e9n\u00e9ficier d\u2019une seconde paire d\u2019oreilles. Je fais cela depuis 2002, et j\u2019ai tous les bons outils pour faire le travail comme vous le voulez. Je vais [&hellip;]<\/p>\n","protected":false},"author":237,"featured_media":49067,"parent":0,"menu_order":0,"comment_status":"closed","ping_status":"closed","template":"","meta":{"_acf_changed":false,"footnotes":""},"class_list":["post-30531","page","type-page","status-publish","has-post-thumbnail","hentry"],"acf":[],"yoast_head":"<!-- This site is optimized with the Yoast SEO plugin v27.4 - https:\/\/yoast.com\/product\/yoast-seo-wordpress\/ -->\n<title>Besoin d&#039;un mastering ? - Pheek&#039;s Mixdown and Mastering<\/title>\n<meta name=\"description\" content=\"As a sound engineer and artist with 14 years experience in mastering, I know how to give your work the sound it needs, no matter where it&#039;s played.\" \/>\n<meta name=\"robots\" content=\"index, follow, max-snippet:-1, max-image-preview:large, max-video-preview:-1\" \/>\n<link rel=\"canonical\" href=\"https:\/\/audioservices.studio\/fr\/besoin-dun-mastering\" \/>\n<meta property=\"og:locale\" content=\"fr_FR\" \/>\n<meta property=\"og:type\" content=\"article\" \/>\n<meta property=\"og:title\" content=\"Besoin d&#039;un mastering ? - Pheek&#039;s Mixdown and Mastering\" \/>\n<meta property=\"og:description\" content=\"As a sound engineer and artist with 14 years experience in mastering, I know how to give your work the sound it needs, no matter where it&#039;s played.\" \/>\n<meta property=\"og:url\" content=\"https:\/\/audioservices.studio\/fr\/besoin-dun-mastering\" \/>\n<meta property=\"og:site_name\" content=\"Pheek&#039;s Mixdown and Mastering\" \/>\n<meta property=\"article:modified_time\" content=\"2018-02-22T14:50:57+00:00\" \/>\n<meta property=\"og:image\" content=\"https:\/\/audioservices.studio\/wp-content\/uploads\/2016\/04\/2023_Studio_resize.jpg\" \/>\n\t<meta property=\"og:image:width\" content=\"800\" \/>\n\t<meta property=\"og:image:height\" content=\"533\" \/>\n\t<meta property=\"og:image:type\" content=\"image\/jpeg\" \/>\n<meta name=\"twitter:card\" content=\"summary_large_image\" \/>\n<meta name=\"twitter:label1\" content=\"Dur\u00e9e de lecture estim\u00e9e\" \/>\n\t<meta name=\"twitter:data1\" content=\"1 minute\" \/>\n<script type=\"application\/ld+json\" class=\"yoast-schema-graph\">{\"@context\":\"https:\\\/\\\/schema.org\",\"@graph\":[{\"@type\":\"WebPage\",\"@id\":\"https:\\\/\\\/audioservices.studio\\\/fr\\\/besoin-dun-mastering\",\"url\":\"https:\\\/\\\/audioservices.studio\\\/fr\\\/besoin-dun-mastering\",\"name\":\"Besoin d'un mastering ? - Pheek&#039;s Mixdown and Mastering\",\"isPartOf\":{\"@id\":\"https:\\\/\\\/audioservices.studio\\\/fr#website\"},\"primaryImageOfPage\":{\"@id\":\"https:\\\/\\\/audioservices.studio\\\/fr\\\/besoin-dun-mastering#primaryimage\"},\"image\":{\"@id\":\"https:\\\/\\\/audioservices.studio\\\/fr\\\/besoin-dun-mastering#primaryimage\"},\"thumbnailUrl\":\"https:\\\/\\\/audioservices.studio\\\/wp-content\\\/uploads\\\/2016\\\/04\\\/2023_Studio_resize.jpg\",\"datePublished\":\"2016-04-18T19:57:40+00:00\",\"dateModified\":\"2018-02-22T14:50:57+00:00\",\"description\":\"As a sound engineer and artist with 14 years experience in mastering, I know how to give your work the sound it needs, no matter where it's played.\",\"breadcrumb\":{\"@id\":\"https:\\\/\\\/audioservices.studio\\\/fr\\\/besoin-dun-mastering#breadcrumb\"},\"inLanguage\":\"fr-FR\",\"potentialAction\":[{\"@type\":\"ReadAction\",\"target\":[\"https:\\\/\\\/audioservices.studio\\\/fr\\\/besoin-dun-mastering\"]}]},{\"@type\":\"ImageObject\",\"inLanguage\":\"fr-FR\",\"@id\":\"https:\\\/\\\/audioservices.studio\\\/fr\\\/besoin-dun-mastering#primaryimage\",\"url\":\"https:\\\/\\\/audioservices.studio\\\/wp-content\\\/uploads\\\/2016\\\/04\\\/2023_Studio_resize.jpg\",\"contentUrl\":\"https:\\\/\\\/audioservices.studio\\\/wp-content\\\/uploads\\\/2016\\\/04\\\/2023_Studio_resize.jpg\",\"width\":800,\"height\":533},{\"@type\":\"BreadcrumbList\",\"@id\":\"https:\\\/\\\/audioservices.studio\\\/fr\\\/besoin-dun-mastering#breadcrumb\",\"itemListElement\":[{\"@type\":\"ListItem\",\"position\":1,\"name\":\"Home\",\"item\":\"https:\\\/\\\/audioservices.studio\\\/fr\"},{\"@type\":\"ListItem\",\"position\":2,\"name\":\"Tous les packs et services\",\"item\":\"https:\\\/\\\/audioservices.studio\\\/fr\\\/tous-les-packs-et-services\"},{\"@type\":\"ListItem\",\"position\":3,\"name\":\"Besoin d&#8217;un mastering ?\"}]},{\"@type\":\"WebSite\",\"@id\":\"https:\\\/\\\/audioservices.studio\\\/fr#website\",\"url\":\"https:\\\/\\\/audioservices.studio\\\/fr\",\"name\":\"Pheek&#039;s Mixdown and Mastering\",\"description\":\"Making you fall in love with your music\",\"potentialAction\":[{\"@type\":\"SearchAction\",\"target\":{\"@type\":\"EntryPoint\",\"urlTemplate\":\"https:\\\/\\\/audioservices.studio\\\/fr?s={search_term_string}\"},\"query-input\":{\"@type\":\"PropertyValueSpecification\",\"valueRequired\":true,\"valueName\":\"search_term_string\"}}],\"inLanguage\":\"fr-FR\"}]}<\/script>\n<!-- \/ Yoast SEO plugin. -->","yoast_head_json":{"title":"Besoin d'un mastering ? - Pheek&#039;s Mixdown and Mastering","description":"As a sound engineer and artist with 14 years experience in mastering, I know how to give your work the sound it needs, no matter where it's played.","robots":{"index":"index","follow":"follow","max-snippet":"max-snippet:-1","max-image-preview":"max-image-preview:large","max-video-preview":"max-video-preview:-1"},"canonical":"https:\/\/audioservices.studio\/fr\/besoin-dun-mastering","og_locale":"fr_FR","og_type":"article","og_title":"Besoin d'un mastering ? - Pheek&#039;s Mixdown and Mastering","og_description":"As a sound engineer and artist with 14 years experience in mastering, I know how to give your work the sound it needs, no matter where it's played.","og_url":"https:\/\/audioservices.studio\/fr\/besoin-dun-mastering","og_site_name":"Pheek&#039;s Mixdown and Mastering","article_modified_time":"2018-02-22T14:50:57+00:00","og_image":[{"width":800,"height":533,"url":"https:\/\/audioservices.studio\/wp-content\/uploads\/2016\/04\/2023_Studio_resize.jpg","type":"image\/jpeg"}],"twitter_card":"summary_large_image","twitter_misc":{"Dur\u00e9e de lecture estim\u00e9e":"1 minute"},"schema":{"@context":"https:\/\/schema.org","@graph":[{"@type":"WebPage","@id":"https:\/\/audioservices.studio\/fr\/besoin-dun-mastering","url":"https:\/\/audioservices.studio\/fr\/besoin-dun-mastering","name":"Besoin d'un mastering ? - Pheek&#039;s Mixdown and Mastering","isPartOf":{"@id":"https:\/\/audioservices.studio\/fr#website"},"primaryImageOfPage":{"@id":"https:\/\/audioservices.studio\/fr\/besoin-dun-mastering#primaryimage"},"image":{"@id":"https:\/\/audioservices.studio\/fr\/besoin-dun-mastering#primaryimage"},"thumbnailUrl":"https:\/\/audioservices.studio\/wp-content\/uploads\/2016\/04\/2023_Studio_resize.jpg","datePublished":"2016-04-18T19:57:40+00:00","dateModified":"2018-02-22T14:50:57+00:00","description":"As a sound engineer and artist with 14 years experience in mastering, I know how to give your work the sound it needs, no matter where it's played.","breadcrumb":{"@id":"https:\/\/audioservices.studio\/fr\/besoin-dun-mastering#breadcrumb"},"inLanguage":"fr-FR","potentialAction":[{"@type":"ReadAction","target":["https:\/\/audioservices.studio\/fr\/besoin-dun-mastering"]}]},{"@type":"ImageObject","inLanguage":"fr-FR","@id":"https:\/\/audioservices.studio\/fr\/besoin-dun-mastering#primaryimage","url":"https:\/\/audioservices.studio\/wp-content\/uploads\/2016\/04\/2023_Studio_resize.jpg","contentUrl":"https:\/\/audioservices.studio\/wp-content\/uploads\/2016\/04\/2023_Studio_resize.jpg","width":800,"height":533},{"@type":"BreadcrumbList","@id":"https:\/\/audioservices.studio\/fr\/besoin-dun-mastering#breadcrumb","itemListElement":[{"@type":"ListItem","position":1,"name":"Home","item":"https:\/\/audioservices.studio\/fr"},{"@type":"ListItem","position":2,"name":"Tous les packs et services","item":"https:\/\/audioservices.studio\/fr\/tous-les-packs-et-services"},{"@type":"ListItem","position":3,"name":"Besoin d&#8217;un mastering ?"}]},{"@type":"WebSite","@id":"https:\/\/audioservices.studio\/fr#website","url":"https:\/\/audioservices.studio\/fr","name":"Pheek&#039;s Mixdown and Mastering","description":"Making you fall in love with your music","potentialAction":[{"@type":"SearchAction","target":{"@type":"EntryPoint","urlTemplate":"https:\/\/audioservices.studio\/fr?s={search_term_string}"},"query-input":{"@type":"PropertyValueSpecification","valueRequired":true,"valueName":"search_term_string"}}],"inLanguage":"fr-FR"}]}},"_links":{"self":[{"href":"https:\/\/audioservices.studio\/fr\/wp-json\/wp\/v2\/pages\/30531","targetHints":{"allow":["GET"]}}],"collection":[{"href":"https:\/\/audioservices.studio\/fr\/wp-json\/wp\/v2\/pages"}],"about":[{"href":"https:\/\/audioservices.studio\/fr\/wp-json\/wp\/v2\/types\/page"}],"author":[{"embeddable":true,"href":"https:\/\/audioservices.studio\/fr\/wp-json\/wp\/v2\/users\/237"}],"replies":[{"embeddable":true,"href":"https:\/\/audioservices.studio\/fr\/wp-json\/wp\/v2\/comments?post=30531"}],"version-history":[{"count":0,"href":"https:\/\/audioservices.studio\/fr\/wp-json\/wp\/v2\/pages\/30531\/revisions"}],"wp:featuredmedia":[{"embeddable":true,"href":"https:\/\/audioservices.studio\/fr\/wp-json\/wp\/v2\/media\/49067"}],"wp:attachment":[{"href":"https:\/\/audioservices.studio\/fr\/wp-json\/wp\/v2\/media?parent=30531"}],"curies":[{"name":"wp","href":"https:\/\/api.w.org\/{rel}","templated":true}]}}