{"id":30532,"date":"2016-04-18T16:00:23","date_gmt":"2016-04-18T20:00:23","guid":{"rendered":"https:\/\/audioservices.appwapp.com\/?page_id=30532"},"modified":"2018-02-22T09:51:03","modified_gmt":"2018-02-22T14:51:03","slug":"des-tracks-inachevees","status":"publish","type":"page","link":"https:\/\/audioservices.studio\/fr\/des-tracks-inachevees","title":{"rendered":"Des tracks inachev\u00e9es ?"},"content":{"rendered":"<div id=\"attachment_23221\" style=\"width: 310px\" class=\"wp-caption alignright\"><a href=\"https:\/\/audioservices.studio\/wp-content\/uploads\/2016\/04\/final.jpg\"><img fetchpriority=\"high\" decoding=\"async\" aria-describedby=\"caption-attachment-23221\" class=\"size-medium wp-image-23221\" src=\"https:\/\/audioservices.studio\/wp-content\/uploads\/2016\/04\/final-300x200.jpg\" alt=\"Vous n'avez pas \u00e0 \u00eatre seuls dans vos projets.\" width=\"300\" height=\"200\" srcset=\"https:\/\/audioservices.studio\/wp-content\/uploads\/2016\/04\/final-300x200.jpg 300w, https:\/\/audioservices.studio\/wp-content\/uploads\/2016\/04\/final-273x182.jpg 273w, https:\/\/audioservices.studio\/wp-content\/uploads\/2016\/04\/final-768x513.jpg 768w, https:\/\/audioservices.studio\/wp-content\/uploads\/2016\/04\/final-1024x684.jpg 1024w, https:\/\/audioservices.studio\/wp-content\/uploads\/2016\/04\/final-700x467.jpg 700w, https:\/\/audioservices.studio\/wp-content\/uploads\/2016\/04\/final-1100x734.jpg 1100w, https:\/\/audioservices.studio\/wp-content\/uploads\/2016\/04\/final-195x130.jpg 195w, https:\/\/audioservices.studio\/wp-content\/uploads\/2016\/04\/final.jpg 1200w\" sizes=\"(max-width: 300px) 100vw, 300px\" \/><\/a><p id=\"caption-attachment-23221\" class=\"wp-caption-text\">Vous n&rsquo;avez pas \u00e0 \u00eatre seuls dans vos projets.<\/p><\/div>\n<h2><strong>QUE SIGNIFIE FINALISER UNE CHANSON\u2009?<\/strong><\/h2>\n<p>L\u2019id\u00e9e m\u2019est venue, car j\u2019ai souvent des pistes dont je ne sais plus quoi faire, mais que j\u2019aime bien. Je les partage avec un ami en qui j\u2019ai confiance pour voir ce qui va se passer. Quand d\u2019autres le font avec moi (et j\u2019adore le faire), les gens sont toujours emball\u00e9s par le r\u00e9sultat. Pourquoi\u2009? Principalement parce que ce qui a \u00e9t\u00e9 abandonn\u00e9 donne un second souffle et de nouvelles possibilit\u00e9s\u2009! Imaginez que j\u2019ai un EP sous l\u2019oreiller pour un label qui veut travailler avec moi et qui peut enfin \u00eatre termin\u00e9, c\u2019est non seulement excitant, mais aussi un grand soulagement.<\/p>\n<h2><strong><a href=\"https:\/\/audioservices.studio\/wp-content\/uploads\/2016\/04\/ghost.jpg\"><img decoding=\"async\" class=\"size-medium wp-image-23222 alignleft\" src=\"https:\/\/audioservices.studio\/wp-content\/uploads\/2016\/04\/ghost-300x210.jpg\" alt=\"ghostwritting\" width=\"300\" height=\"210\" srcset=\"https:\/\/audioservices.studio\/wp-content\/uploads\/2016\/04\/ghost-300x210.jpg 300w, https:\/\/audioservices.studio\/wp-content\/uploads\/2016\/04\/ghost-273x191.jpg 273w, https:\/\/audioservices.studio\/wp-content\/uploads\/2016\/04\/ghost-768x538.jpg 768w, https:\/\/audioservices.studio\/wp-content\/uploads\/2016\/04\/ghost-1024x718.jpg 1024w, https:\/\/audioservices.studio\/wp-content\/uploads\/2016\/04\/ghost-700x491.jpg 700w, https:\/\/audioservices.studio\/wp-content\/uploads\/2016\/04\/ghost-1100x771.jpg 1100w, https:\/\/audioservices.studio\/wp-content\/uploads\/2016\/04\/ghost-185x130.jpg 185w, https:\/\/audioservices.studio\/wp-content\/uploads\/2016\/04\/ghost.jpg 1200w\" sizes=\"(max-width: 300px) 100vw, 300px\" \/><\/a>EST-CE DU GHOSTWRITING\u2009?<\/strong><\/h2>\n<p><strong>Non. <\/strong>J\u2019ai des r\u00e8gles. Je n\u2019\u00e9crirai pas de nouvelles m\u00e9lodies par exemple et je n\u2019\u00e9carterai pas compl\u00e8tement l\u2019id\u00e9e originale. Le concept est vraiment de donner un sens \u00e0 ce qu\u2019il y a l\u00e0. 90 % du temps, les gens manquent d\u2019id\u00e9es sur la fa\u00e7on d\u2019\u00e9laborer leur piste et se battent avec la structure. Il est \u00e9galement fr\u00e9quent que si vous avez entendu la chanson pendant 20 h au total, vous manquiez de jugement sur son potentiel r\u00e9el.<\/p>\n<h2><\/h2>\n<h2><strong>QUEL AVANCEMENT DE LA TRACK DOIS-JE ATTEINDRE POUR POUVOIR L\u2019ENVOYER\u2009?<\/strong><\/h2>\n<p>Vous avez besoin d\u2019avoir au moins tous les sons pour faire une chanson et un squelette de structure. Sinon, si je fais tout \u00e0 partir de z\u00e9ro, \u00e7a devient une sorte de ghostwriting. Je n\u2019ai rien contre \u00e7a, mais ce n\u2019est pas ce que je fais. Je prends ce que vous avez, je vais faire un mixdown de qualit\u00e9, structurer les choses pour r\u00e9pondre \u00e0 vos besoins et peut-\u00eatre vous proposer quelques astuces pour pimper tout \u00e7a.<\/p>\n<h2><strong><a href=\"https:\/\/audioservices.studio\/wp-content\/uploads\/2016\/02\/dj.jpg\"><img decoding=\"async\" class=\"size-medium wp-image-22780 alignleft\" src=\"https:\/\/audioservices.studio\/wp-content\/uploads\/2016\/02\/dj-300x225.jpg\" alt=\"Crazy for the music!\" width=\"300\" height=\"225\" srcset=\"https:\/\/audioservices.studio\/wp-content\/uploads\/2016\/02\/dj-300x225.jpg 300w, https:\/\/audioservices.studio\/wp-content\/uploads\/2016\/02\/dj-scaled-273x205.jpg 273w, https:\/\/audioservices.studio\/wp-content\/uploads\/2016\/02\/dj-768x576.jpg 768w, https:\/\/audioservices.studio\/wp-content\/uploads\/2016\/02\/dj-1024x768.jpg 1024w, https:\/\/audioservices.studio\/wp-content\/uploads\/2016\/02\/dj-800x600.jpg 800w, https:\/\/audioservices.studio\/wp-content\/uploads\/2016\/02\/dj-700x525.jpg 700w, https:\/\/audioservices.studio\/wp-content\/uploads\/2016\/02\/dj-1100x825.jpg 1100w, https:\/\/audioservices.studio\/wp-content\/uploads\/2016\/02\/dj-173x130.jpg 173w, https:\/\/audioservices.studio\/wp-content\/uploads\/2016\/02\/dj-scaled.jpg 2048w\" sizes=\"(max-width: 300px) 100vw, 300px\" \/><\/a>Pr\u00eat \u00e0 commander ?<\/strong><\/h2>\n<p>Obtenez votre track termin\u00e9e en <a href=\"https:\/\/audioservices.studio\/product\/song-arrangements-and-finalization\">commandant maintenant. <\/a> Si vous \u00eates int\u00e9ress\u00e9 par une finalisation d\u2019EP ou d\u2019album, n\u2019h\u00e9sitez pas \u00e0 me contacter pour un prix.<\/p>\n","protected":false},"excerpt":{"rendered":"<p>QUE SIGNIFIE FINALISER UNE CHANSON\u2009? L\u2019id\u00e9e m\u2019est venue, car j\u2019ai souvent des pistes dont je ne sais plus quoi faire, mais que j\u2019aime bien. Je les partage avec un ami en qui j\u2019ai confiance pour voir ce qui va se passer. Quand d\u2019autres le font avec moi (et j\u2019adore le faire), les gens sont toujours [&hellip;]<\/p>\n","protected":false},"author":237,"featured_media":0,"parent":0,"menu_order":0,"comment_status":"closed","ping_status":"closed","template":"","meta":{"_acf_changed":false,"footnotes":""},"class_list":["post-30532","page","type-page","status-publish","hentry"],"acf":[],"yoast_head":"<!-- This site is optimized with the Yoast SEO plugin v27.4 - https:\/\/yoast.com\/product\/yoast-seo-wordpress\/ -->\n<title>Des tracks inachev\u00e9es ? - Pheek&#039;s Mixdown and Mastering<\/title>\n<meta name=\"robots\" content=\"index, follow, max-snippet:-1, max-image-preview:large, max-video-preview:-1\" \/>\n<link rel=\"canonical\" href=\"https:\/\/audioservices.studio\/fr\/des-tracks-inachevees\" \/>\n<meta property=\"og:locale\" content=\"fr_FR\" \/>\n<meta property=\"og:type\" content=\"article\" \/>\n<meta property=\"og:title\" content=\"Des tracks inachev\u00e9es ? - Pheek&#039;s Mixdown and Mastering\" \/>\n<meta property=\"og:description\" content=\"QUE SIGNIFIE FINALISER UNE CHANSON\u2009? L\u2019id\u00e9e m\u2019est venue, car j\u2019ai souvent des pistes dont je ne sais plus quoi faire, mais que j\u2019aime bien. Je les partage avec un ami en qui j\u2019ai confiance pour voir ce qui va se passer. Quand d\u2019autres le font avec moi (et j\u2019adore le faire), les gens sont toujours [&hellip;]\" \/>\n<meta property=\"og:url\" content=\"https:\/\/audioservices.studio\/fr\/des-tracks-inachevees\" \/>\n<meta property=\"og:site_name\" content=\"Pheek&#039;s Mixdown and Mastering\" \/>\n<meta property=\"article:modified_time\" content=\"2018-02-22T14:51:03+00:00\" \/>\n<meta name=\"twitter:card\" content=\"summary_large_image\" \/>\n<meta name=\"twitter:label1\" content=\"Dur\u00e9e de lecture estim\u00e9e\" \/>\n\t<meta name=\"twitter:data1\" content=\"2 minutes\" \/>\n<script type=\"application\/ld+json\" class=\"yoast-schema-graph\">{\"@context\":\"https:\\\/\\\/schema.org\",\"@graph\":[{\"@type\":\"WebPage\",\"@id\":\"https:\\\/\\\/audioservices.studio\\\/fr\\\/des-tracks-inachevees\",\"url\":\"https:\\\/\\\/audioservices.studio\\\/fr\\\/des-tracks-inachevees\",\"name\":\"Des tracks inachev\u00e9es ? - Pheek&#039;s Mixdown and Mastering\",\"isPartOf\":{\"@id\":\"https:\\\/\\\/audioservices.studio\\\/fr#website\"},\"primaryImageOfPage\":{\"@id\":\"https:\\\/\\\/audioservices.studio\\\/fr\\\/des-tracks-inachevees#primaryimage\"},\"image\":{\"@id\":\"https:\\\/\\\/audioservices.studio\\\/fr\\\/des-tracks-inachevees#primaryimage\"},\"thumbnailUrl\":\"https:\\\/\\\/audioservices.studio\\\/wp-content\\\/uploads\\\/2016\\\/04\\\/final-300x200.jpg\",\"datePublished\":\"2016-04-18T20:00:23+00:00\",\"dateModified\":\"2018-02-22T14:51:03+00:00\",\"breadcrumb\":{\"@id\":\"https:\\\/\\\/audioservices.studio\\\/fr\\\/des-tracks-inachevees#breadcrumb\"},\"inLanguage\":\"fr-FR\",\"potentialAction\":[{\"@type\":\"ReadAction\",\"target\":[\"https:\\\/\\\/audioservices.studio\\\/fr\\\/des-tracks-inachevees\"]}]},{\"@type\":\"ImageObject\",\"inLanguage\":\"fr-FR\",\"@id\":\"https:\\\/\\\/audioservices.studio\\\/fr\\\/des-tracks-inachevees#primaryimage\",\"url\":\"https:\\\/\\\/audioservices.studio\\\/wp-content\\\/uploads\\\/2016\\\/04\\\/final-300x200.jpg\",\"contentUrl\":\"https:\\\/\\\/audioservices.studio\\\/wp-content\\\/uploads\\\/2016\\\/04\\\/final-300x200.jpg\"},{\"@type\":\"BreadcrumbList\",\"@id\":\"https:\\\/\\\/audioservices.studio\\\/fr\\\/des-tracks-inachevees#breadcrumb\",\"itemListElement\":[{\"@type\":\"ListItem\",\"position\":1,\"name\":\"Home\",\"item\":\"https:\\\/\\\/audioservices.studio\\\/fr\"},{\"@type\":\"ListItem\",\"position\":2,\"name\":\"Tous les packs et services\",\"item\":\"https:\\\/\\\/audioservices.studio\\\/fr\\\/tous-les-packs-et-services\"},{\"@type\":\"ListItem\",\"position\":3,\"name\":\"Des tracks inachev\u00e9es ?\"}]},{\"@type\":\"WebSite\",\"@id\":\"https:\\\/\\\/audioservices.studio\\\/fr#website\",\"url\":\"https:\\\/\\\/audioservices.studio\\\/fr\",\"name\":\"Pheek&#039;s Mixdown and Mastering\",\"description\":\"Making you fall in love with your music\",\"potentialAction\":[{\"@type\":\"SearchAction\",\"target\":{\"@type\":\"EntryPoint\",\"urlTemplate\":\"https:\\\/\\\/audioservices.studio\\\/fr?s={search_term_string}\"},\"query-input\":{\"@type\":\"PropertyValueSpecification\",\"valueRequired\":true,\"valueName\":\"search_term_string\"}}],\"inLanguage\":\"fr-FR\"}]}<\/script>\n<!-- \/ Yoast SEO plugin. -->","yoast_head_json":{"title":"Des tracks inachev\u00e9es ? - Pheek&#039;s Mixdown and Mastering","robots":{"index":"index","follow":"follow","max-snippet":"max-snippet:-1","max-image-preview":"max-image-preview:large","max-video-preview":"max-video-preview:-1"},"canonical":"https:\/\/audioservices.studio\/fr\/des-tracks-inachevees","og_locale":"fr_FR","og_type":"article","og_title":"Des tracks inachev\u00e9es ? - Pheek&#039;s Mixdown and Mastering","og_description":"QUE SIGNIFIE FINALISER UNE CHANSON\u2009? L\u2019id\u00e9e m\u2019est venue, car j\u2019ai souvent des pistes dont je ne sais plus quoi faire, mais que j\u2019aime bien. Je les partage avec un ami en qui j\u2019ai confiance pour voir ce qui va se passer. Quand d\u2019autres le font avec moi (et j\u2019adore le faire), les gens sont toujours [&hellip;]","og_url":"https:\/\/audioservices.studio\/fr\/des-tracks-inachevees","og_site_name":"Pheek&#039;s Mixdown and Mastering","article_modified_time":"2018-02-22T14:51:03+00:00","twitter_card":"summary_large_image","twitter_misc":{"Dur\u00e9e de lecture estim\u00e9e":"2 minutes"},"schema":{"@context":"https:\/\/schema.org","@graph":[{"@type":"WebPage","@id":"https:\/\/audioservices.studio\/fr\/des-tracks-inachevees","url":"https:\/\/audioservices.studio\/fr\/des-tracks-inachevees","name":"Des tracks inachev\u00e9es ? - Pheek&#039;s Mixdown and Mastering","isPartOf":{"@id":"https:\/\/audioservices.studio\/fr#website"},"primaryImageOfPage":{"@id":"https:\/\/audioservices.studio\/fr\/des-tracks-inachevees#primaryimage"},"image":{"@id":"https:\/\/audioservices.studio\/fr\/des-tracks-inachevees#primaryimage"},"thumbnailUrl":"https:\/\/audioservices.studio\/wp-content\/uploads\/2016\/04\/final-300x200.jpg","datePublished":"2016-04-18T20:00:23+00:00","dateModified":"2018-02-22T14:51:03+00:00","breadcrumb":{"@id":"https:\/\/audioservices.studio\/fr\/des-tracks-inachevees#breadcrumb"},"inLanguage":"fr-FR","potentialAction":[{"@type":"ReadAction","target":["https:\/\/audioservices.studio\/fr\/des-tracks-inachevees"]}]},{"@type":"ImageObject","inLanguage":"fr-FR","@id":"https:\/\/audioservices.studio\/fr\/des-tracks-inachevees#primaryimage","url":"https:\/\/audioservices.studio\/wp-content\/uploads\/2016\/04\/final-300x200.jpg","contentUrl":"https:\/\/audioservices.studio\/wp-content\/uploads\/2016\/04\/final-300x200.jpg"},{"@type":"BreadcrumbList","@id":"https:\/\/audioservices.studio\/fr\/des-tracks-inachevees#breadcrumb","itemListElement":[{"@type":"ListItem","position":1,"name":"Home","item":"https:\/\/audioservices.studio\/fr"},{"@type":"ListItem","position":2,"name":"Tous les packs et services","item":"https:\/\/audioservices.studio\/fr\/tous-les-packs-et-services"},{"@type":"ListItem","position":3,"name":"Des tracks inachev\u00e9es ?"}]},{"@type":"WebSite","@id":"https:\/\/audioservices.studio\/fr#website","url":"https:\/\/audioservices.studio\/fr","name":"Pheek&#039;s Mixdown and Mastering","description":"Making you fall in love with your music","potentialAction":[{"@type":"SearchAction","target":{"@type":"EntryPoint","urlTemplate":"https:\/\/audioservices.studio\/fr?s={search_term_string}"},"query-input":{"@type":"PropertyValueSpecification","valueRequired":true,"valueName":"search_term_string"}}],"inLanguage":"fr-FR"}]}},"_links":{"self":[{"href":"https:\/\/audioservices.studio\/fr\/wp-json\/wp\/v2\/pages\/30532","targetHints":{"allow":["GET"]}}],"collection":[{"href":"https:\/\/audioservices.studio\/fr\/wp-json\/wp\/v2\/pages"}],"about":[{"href":"https:\/\/audioservices.studio\/fr\/wp-json\/wp\/v2\/types\/page"}],"author":[{"embeddable":true,"href":"https:\/\/audioservices.studio\/fr\/wp-json\/wp\/v2\/users\/237"}],"replies":[{"embeddable":true,"href":"https:\/\/audioservices.studio\/fr\/wp-json\/wp\/v2\/comments?post=30532"}],"version-history":[{"count":0,"href":"https:\/\/audioservices.studio\/fr\/wp-json\/wp\/v2\/pages\/30532\/revisions"}],"wp:attachment":[{"href":"https:\/\/audioservices.studio\/fr\/wp-json\/wp\/v2\/media?parent=30532"}],"curies":[{"name":"wp","href":"https:\/\/api.w.org\/{rel}","templated":true}]}}