{"id":35913,"date":"2018-06-28T14:39:33","date_gmt":"2018-06-28T18:39:33","guid":{"rendered":"https:\/\/audioservices.appwapp.com\/?page_id=35913"},"modified":"2025-11-28T18:23:26","modified_gmt":"2025-11-28T23:23:26","slug":"label-du-studio-forests-and-rivers","status":"publish","type":"page","link":"https:\/\/audioservices.studio\/fr\/label-du-studio-forests-and-rivers","title":{"rendered":"Le label du studio : Forests and Rivers"},"content":{"rendered":"<div  class='flex_column av-1otib07-b915ad97a248c1f565f37ed738332808 av_one_full  avia-builder-el-0  el_before_av_three_fifth  avia-builder-el-first  first flex_column_div  '     ><style type=\"text\/css\" data-created_by=\"avia_inline_auto\" id=\"style-css-av-l6xy66k3-d5c1005ea8ee5e833a528f4dc054031c\">\n#top .av-special-heading.av-l6xy66k3-d5c1005ea8ee5e833a528f4dc054031c{\npadding-bottom:10px;\n}\nbody .av-special-heading.av-l6xy66k3-d5c1005ea8ee5e833a528f4dc054031c .av-special-heading-tag .heading-char{\nfont-size:25px;\n}\n.av-special-heading.av-l6xy66k3-d5c1005ea8ee5e833a528f4dc054031c .av-subheading{\nfont-size:15px;\n}\n<\/style>\n<div  class='av-special-heading av-l6xy66k3-d5c1005ea8ee5e833a528f4dc054031c av-special-heading-h1  avia-builder-el-1  avia-builder-el-no-sibling '><h1 class='av-special-heading-tag '  itemprop=\"headline\"  >Le label du studio: Forests and Rivers<\/h1><div class=\"special-heading-border\"><div class=\"special-heading-inner-border\"><\/div><\/div><\/div><\/div><div  class='flex_column av-183pcqf-0be3bc47306b29b27ff36ddf2d0929df av_three_fifth  avia-builder-el-2  el_after_av_one_full  el_before_av_two_fifth  first flex_column_div  column-top-margin'     ><p>\n<style type=\"text\/css\" data-created_by=\"avia_inline_auto\" id=\"style-css-av-l6xy5v6y-7a1d3add85805921436c51451b6ae417\">\n#top .av-special-heading.av-l6xy5v6y-7a1d3add85805921436c51451b6ae417{\npadding-bottom:10px;\n}\nbody .av-special-heading.av-l6xy5v6y-7a1d3add85805921436c51451b6ae417 .av-special-heading-tag .heading-char{\nfont-size:25px;\n}\n.av-special-heading.av-l6xy5v6y-7a1d3add85805921436c51451b6ae417 .av-subheading{\nfont-size:15px;\n}\n<\/style>\n<div  class='av-special-heading av-l6xy5v6y-7a1d3add85805921436c51451b6ae417 av-special-heading-h2  avia-builder-el-3  el_before_av_hr  avia-builder-el-first '><h2 class='av-special-heading-tag '  itemprop=\"headline\"  >Forests and Rivers est le nouveau label collaboratif de Pheek et ses amis.<\/h2><div class=\"special-heading-border\"><div class=\"special-heading-inner-border\"><\/div><\/div><\/div><br \/>\n<div  class='hr av-kxxx6f-1e5b6e6c730b41a78068fc9901604e28 hr-default  avia-builder-el-4  el_after_av_heading  el_before_av_textblock '><span class='hr-inner '><span class=\"hr-inner-style\"><\/span><\/span><\/div><br \/>\n<section  class='av_textblock_section av-l6xy5kx9-39301235f0b9abbef5f82f4dc812049d '   itemscope=\"itemscope\" itemtype=\"https:\/\/schema.org\/CreativeWork\" ><div class='avia_textblock'  itemprop=\"text\" ><p><em>Forests and Rivers est le nouveau label collaboratif de Pheek et ses amis.<\/em><\/p>\n<p>J\u2019ai d\u00e9cid\u00e9 de cr\u00e9er un label pour soutenir les personnes avec qui je travaille dans mon groupe de coaching sur Facebook. Je travaille souvent avec des gens qui ont un talent brut et une musique de qualit\u00e9, mais qui ont du mal \u00e0 trouver un label pour une sortie. Le monde des labels se complique et devient de plus en plus difficile \u00e0 r\u00e9aliser, mais avec mes relations et mon exp\u00e9rience, j\u2019ai d\u00e9cid\u00e9 de mettre en avant la musique que j\u2019aime. Il n\u2019y a pas vraiment de direction pr\u00e9cise pour le label, mais je veux vraiment me concentrer sur un design sonore de qualit\u00e9, une musique groovy et accrocheuse. Vous pouvez entendre ci-dessous nos sorties pr\u00e9c\u00e9dentes.<\/p>\n<p>Suivez Forests and Rivers\u00a0: <a href=\"https:\/\/forestsandrivers.bandcamp.com\/releases\" target=\"_blank\" rel=\"noopener\">Bandcamp<\/a><\/p>\n<\/div><\/section><\/p><\/div><div  class='flex_column av-l6xy9qwu-6e7a4cc2f3b661274fb6bb65e7ef096d av_two_fifth  avia-builder-el-6  el_after_av_three_fifth  el_before_av_textblock  flex_column_div av-animated-generic bottom-to-top  column-top-margin'     ><style type=\"text\/css\" data-created_by=\"avia_inline_auto\" id=\"style-css-av-l6xy6umz-a8a93afef92e41b57088f0d08d419886\">\n.avia-image-container.av-l6xy6umz-a8a93afef92e41b57088f0d08d419886 img.avia_image{\nbox-shadow:none;\n}\n.avia-image-container.av-l6xy6umz-a8a93afef92e41b57088f0d08d419886 .av-image-caption-overlay-center{\ncolor:#ffffff;\n}\n<\/style>\n<div  class='avia-image-container av-l6xy6umz-a8a93afef92e41b57088f0d08d419886 av-styling- avia-align-center  avia-builder-el-7  avia-builder-el-no-sibling '   itemprop=\"image\" itemscope=\"itemscope\" itemtype=\"https:\/\/schema.org\/ImageObject\" ><div class=\"avia-image-container-inner\"><div class=\"avia-image-overlay-wrap\"><img fetchpriority=\"high\" decoding=\"async\" fetchpriority=\"high\" fetchpriority=\"high\" class='wp-image-49488 avia-img-lazy-loading-not-49488 avia_image ' src=\"https:\/\/audioservices.studio\/wp-content\/uploads\/2018\/06\/Forest-Rivers-Logo-1024x1024.jpg\" alt='' title='Forest-Rivers-Logo'  height=\"1024\" width=\"1024\"  itemprop=\"thumbnailUrl\" srcset=\"https:\/\/audioservices.studio\/wp-content\/uploads\/2018\/06\/Forest-Rivers-Logo-1024x1024.jpg 1024w, https:\/\/audioservices.studio\/wp-content\/uploads\/2018\/06\/Forest-Rivers-Logo-300x300.jpg 300w, https:\/\/audioservices.studio\/wp-content\/uploads\/2018\/06\/Forest-Rivers-Logo-100x100.jpg 100w, https:\/\/audioservices.studio\/wp-content\/uploads\/2018\/06\/Forest-Rivers-Logo-273x273.jpg 273w, https:\/\/audioservices.studio\/wp-content\/uploads\/2018\/06\/Forest-Rivers-Logo-150x150.jpg 150w, https:\/\/audioservices.studio\/wp-content\/uploads\/2018\/06\/Forest-Rivers-Logo-768x768.jpg 768w, https:\/\/audioservices.studio\/wp-content\/uploads\/2018\/06\/Forest-Rivers-Logo.jpg 1500w\" sizes=\"(max-width: 1024px) 100vw, 1024px\" \/><\/div><\/div><\/div><\/div><\/p>\n<section  class='av_textblock_section av-l6xy7o5z-53780ef8d4c2854e81d02da5131b8670 '   itemscope=\"itemscope\" itemtype=\"https:\/\/schema.org\/CreativeWork\" ><div class='avia_textblock'  itemprop=\"text\" ><div class=\"row\">\n<div class=\"col-md-8\">\n<p><span style=\"font-size: 20px; font-weight: 600;\">DERNI\u00c8RE SORTIE: <\/span><em style=\"font-size: 20px; font-weight: 600;\">Waipoua<\/em><span style=\"font-size: 20px; font-weight: 600;\"> by Various Artists<\/span><\/p>\n<\/div>\n<\/div>\n<div class=\"row\">\n<div class=\"col-md-12\">\n<h3><iframe style=\"border: 0; width: 100%; height: 120px;\" src=\"https:\/\/bandcamp.com\/EmbeddedPlayer\/album=226067539\/size=large\/bgcol=ffffff\/linkcol=0687f5\/tracklist=false\/artwork=small\/transparent=true\/\" seamless=\"\"><a href=\"http:\/\/forestsandrivers.bandcamp.com\/album\/waipoua\">Waipoua by Various Artists<\/a><\/iframe><\/h3>\n<p><iframe style=\"border: 0; width: 100%; height: 120px;\" src=\"https:\/\/bandcamp.com\/EmbeddedPlayer\/album=1454402962\/size=large\/bgcol=ffffff\/linkcol=0687f5\/tracklist=false\/artwork=small\/transparent=true\/\" seamless=\"\"><a href=\"http:\/\/forestsandrivers.bandcamp.com\/album\/bor-al\">Bor\u00e9al by V.ictor<\/a><\/iframe><\/p>\n<p><iframe style=\"border: 0; width: 100%; height: 120px;\" src=\"https:\/\/bandcamp.com\/EmbeddedPlayer\/album=3976282946\/size=large\/bgcol=ffffff\/linkcol=0687f5\/tracklist=false\/artwork=small\/transparent=true\/\" seamless=\"\"><a href=\"http:\/\/forestsandrivers.bandcamp.com\/album\/dodd-wood\">Dodd Wood by Drigg<\/a><\/iframe><iframe style=\"border: 0; width: 100%; height: 120px;\" src=\"https:\/\/bandcamp.com\/EmbeddedPlayer\/album=1371788242\/size=large\/bgcol=ffffff\/linkcol=0687f5\/tracklist=false\/artwork=small\/transparent=true\/\" seamless=\"\"><a href=\"http:\/\/forestsandrivers.bandcamp.com\/album\/padurea-baciu\">Padurea Baciu by Andy A.<\/a><\/iframe><\/p>\n<p><iframe style=\"border: 0; width: 100%; height: 120px;\" src=\"https:\/\/bandcamp.com\/EmbeddedPlayer\/album=3020646288\/size=large\/bgcol=ffffff\/linkcol=0687f5\/tracklist=false\/artwork=small\/transparent=true\/\" seamless=\"\"><a href=\"http:\/\/forestsandrivers.bandcamp.com\/album\/holly\">Holly by Room323<\/a><\/iframe><\/p>\n<p><iframe style=\"border: 0; width: 100%; height: 120px;\" src=\"https:\/\/bandcamp.com\/EmbeddedPlayer\/album=2484908161\/size=large\/bgcol=ffffff\/linkcol=0687f5\/tracklist=false\/artwork=small\/transparent=true\/\" seamless=\"\"><a href=\"http:\/\/forestsandrivers.bandcamp.com\/album\/los-katios\">Los Katios by Fly District<\/a><\/iframe><\/p>\n<p><iframe style=\"border: 0; width: 100%; height: 120px;\" src=\"https:\/\/bandcamp.com\/EmbeddedPlayer\/album=3354807415\/size=large\/bgcol=ffffff\/linkcol=0687f5\/tracklist=false\/artwork=small\/transparent=true\/\" seamless=\"\"><a href=\"http:\/\/forestsandrivers.bandcamp.com\/album\/the-veluwe\">The Veluwe by Jos Lok<\/a><\/iframe><\/p>\n<\/div>\n<\/div>\n<\/div><\/section>\n","protected":false},"excerpt":{"rendered":"","protected":false},"author":17,"featured_media":0,"parent":0,"menu_order":0,"comment_status":"closed","ping_status":"closed","template":"","meta":{"_acf_changed":false,"footnotes":""},"class_list":["post-35913","page","type-page","status-publish","hentry"],"acf":[],"yoast_head":"<!-- This site is optimized with the Yoast SEO plugin v27.5 - https:\/\/yoast.com\/product\/yoast-seo-wordpress\/ -->\n<title>Label du Studio \u2013 Forests and Rivers | AudioServices Studio<\/title>\n<meta name=\"description\" content=\"D\u00e9couvrez Forests and Rivers, le label artistique du studio. Un espace d\u00e9di\u00e9 aux projets musicaux, \u00e0 la recherche sonore et \u00e0 l\u2019accompagnement des artistes.\" \/>\n<meta name=\"robots\" content=\"index, follow, max-snippet:-1, max-image-preview:large, max-video-preview:-1\" \/>\n<link rel=\"canonical\" href=\"https:\/\/audioservices.studio\/fr\/label-du-studio-forests-and-rivers\" \/>\n<meta property=\"og:locale\" content=\"fr_FR\" \/>\n<meta property=\"og:type\" content=\"article\" \/>\n<meta property=\"og:title\" content=\"Label du Studio \u2013 Forests and Rivers | AudioServices Studio\" \/>\n<meta property=\"og:description\" content=\"D\u00e9couvrez Forests and Rivers, le label artistique du studio. Un espace d\u00e9di\u00e9 aux projets musicaux, \u00e0 la recherche sonore et \u00e0 l\u2019accompagnement des artistes.\" \/>\n<meta property=\"og:url\" content=\"https:\/\/audioservices.studio\/fr\/label-du-studio-forests-and-rivers\" \/>\n<meta property=\"og:site_name\" content=\"Pheek&#039;s Mixdown and Mastering\" \/>\n<meta property=\"article:modified_time\" content=\"2025-11-28T23:23:26+00:00\" \/>\n<meta name=\"twitter:card\" content=\"summary_large_image\" \/>\n<meta name=\"twitter:label1\" content=\"Dur\u00e9e de lecture estim\u00e9e\" \/>\n\t<meta name=\"twitter:data1\" content=\"2 minutes\" \/>\n<script type=\"application\/ld+json\" class=\"yoast-schema-graph\">{\"@context\":\"https:\\\/\\\/schema.org\",\"@graph\":[{\"@type\":\"WebPage\",\"@id\":\"https:\\\/\\\/audioservices.studio\\\/fr\\\/label-du-studio-forests-and-rivers\",\"url\":\"https:\\\/\\\/audioservices.studio\\\/fr\\\/label-du-studio-forests-and-rivers\",\"name\":\"Label du Studio \u2013 Forests and Rivers | AudioServices Studio\",\"isPartOf\":{\"@id\":\"https:\\\/\\\/audioservices.studio\\\/fr#website\"},\"datePublished\":\"2018-06-28T18:39:33+00:00\",\"dateModified\":\"2025-11-28T23:23:26+00:00\",\"description\":\"D\u00e9couvrez Forests and Rivers, le label artistique du studio. Un espace d\u00e9di\u00e9 aux projets musicaux, \u00e0 la recherche sonore et \u00e0 l\u2019accompagnement des artistes.\",\"breadcrumb\":{\"@id\":\"https:\\\/\\\/audioservices.studio\\\/fr\\\/label-du-studio-forests-and-rivers#breadcrumb\"},\"inLanguage\":\"fr-FR\",\"potentialAction\":[{\"@type\":\"ReadAction\",\"target\":[\"https:\\\/\\\/audioservices.studio\\\/fr\\\/label-du-studio-forests-and-rivers\"]}]},{\"@type\":\"BreadcrumbList\",\"@id\":\"https:\\\/\\\/audioservices.studio\\\/fr\\\/label-du-studio-forests-and-rivers#breadcrumb\",\"itemListElement\":[{\"@type\":\"ListItem\",\"position\":1,\"name\":\"Home\",\"item\":\"https:\\\/\\\/audioservices.studio\\\/fr\"},{\"@type\":\"ListItem\",\"position\":2,\"name\":\"Le label du studio : Forests and Rivers\"}]},{\"@type\":\"WebSite\",\"@id\":\"https:\\\/\\\/audioservices.studio\\\/fr#website\",\"url\":\"https:\\\/\\\/audioservices.studio\\\/fr\",\"name\":\"Pheek&#039;s Mixdown and Mastering\",\"description\":\"Making you fall in love with your music\",\"potentialAction\":[{\"@type\":\"SearchAction\",\"target\":{\"@type\":\"EntryPoint\",\"urlTemplate\":\"https:\\\/\\\/audioservices.studio\\\/fr?s={search_term_string}\"},\"query-input\":{\"@type\":\"PropertyValueSpecification\",\"valueRequired\":true,\"valueName\":\"search_term_string\"}}],\"inLanguage\":\"fr-FR\"}]}<\/script>\n<!-- \/ Yoast SEO plugin. -->","yoast_head_json":{"title":"Label du Studio \u2013 Forests and Rivers | AudioServices Studio","description":"D\u00e9couvrez Forests and Rivers, le label artistique du studio. Un espace d\u00e9di\u00e9 aux projets musicaux, \u00e0 la recherche sonore et \u00e0 l\u2019accompagnement des artistes.","robots":{"index":"index","follow":"follow","max-snippet":"max-snippet:-1","max-image-preview":"max-image-preview:large","max-video-preview":"max-video-preview:-1"},"canonical":"https:\/\/audioservices.studio\/fr\/label-du-studio-forests-and-rivers","og_locale":"fr_FR","og_type":"article","og_title":"Label du Studio \u2013 Forests and Rivers | AudioServices Studio","og_description":"D\u00e9couvrez Forests and Rivers, le label artistique du studio. Un espace d\u00e9di\u00e9 aux projets musicaux, \u00e0 la recherche sonore et \u00e0 l\u2019accompagnement des artistes.","og_url":"https:\/\/audioservices.studio\/fr\/label-du-studio-forests-and-rivers","og_site_name":"Pheek&#039;s Mixdown and Mastering","article_modified_time":"2025-11-28T23:23:26+00:00","twitter_card":"summary_large_image","twitter_misc":{"Dur\u00e9e de lecture estim\u00e9e":"2 minutes"},"schema":{"@context":"https:\/\/schema.org","@graph":[{"@type":"WebPage","@id":"https:\/\/audioservices.studio\/fr\/label-du-studio-forests-and-rivers","url":"https:\/\/audioservices.studio\/fr\/label-du-studio-forests-and-rivers","name":"Label du Studio \u2013 Forests and Rivers | AudioServices Studio","isPartOf":{"@id":"https:\/\/audioservices.studio\/fr#website"},"datePublished":"2018-06-28T18:39:33+00:00","dateModified":"2025-11-28T23:23:26+00:00","description":"D\u00e9couvrez Forests and Rivers, le label artistique du studio. Un espace d\u00e9di\u00e9 aux projets musicaux, \u00e0 la recherche sonore et \u00e0 l\u2019accompagnement des artistes.","breadcrumb":{"@id":"https:\/\/audioservices.studio\/fr\/label-du-studio-forests-and-rivers#breadcrumb"},"inLanguage":"fr-FR","potentialAction":[{"@type":"ReadAction","target":["https:\/\/audioservices.studio\/fr\/label-du-studio-forests-and-rivers"]}]},{"@type":"BreadcrumbList","@id":"https:\/\/audioservices.studio\/fr\/label-du-studio-forests-and-rivers#breadcrumb","itemListElement":[{"@type":"ListItem","position":1,"name":"Home","item":"https:\/\/audioservices.studio\/fr"},{"@type":"ListItem","position":2,"name":"Le label du studio : Forests and Rivers"}]},{"@type":"WebSite","@id":"https:\/\/audioservices.studio\/fr#website","url":"https:\/\/audioservices.studio\/fr","name":"Pheek&#039;s Mixdown and Mastering","description":"Making you fall in love with your music","potentialAction":[{"@type":"SearchAction","target":{"@type":"EntryPoint","urlTemplate":"https:\/\/audioservices.studio\/fr?s={search_term_string}"},"query-input":{"@type":"PropertyValueSpecification","valueRequired":true,"valueName":"search_term_string"}}],"inLanguage":"fr-FR"}]}},"_links":{"self":[{"href":"https:\/\/audioservices.studio\/fr\/wp-json\/wp\/v2\/pages\/35913","targetHints":{"allow":["GET"]}}],"collection":[{"href":"https:\/\/audioservices.studio\/fr\/wp-json\/wp\/v2\/pages"}],"about":[{"href":"https:\/\/audioservices.studio\/fr\/wp-json\/wp\/v2\/types\/page"}],"author":[{"embeddable":true,"href":"https:\/\/audioservices.studio\/fr\/wp-json\/wp\/v2\/users\/17"}],"replies":[{"embeddable":true,"href":"https:\/\/audioservices.studio\/fr\/wp-json\/wp\/v2\/comments?post=35913"}],"version-history":[{"count":3,"href":"https:\/\/audioservices.studio\/fr\/wp-json\/wp\/v2\/pages\/35913\/revisions"}],"predecessor-version":[{"id":53442,"href":"https:\/\/audioservices.studio\/fr\/wp-json\/wp\/v2\/pages\/35913\/revisions\/53442"}],"wp:attachment":[{"href":"https:\/\/audioservices.studio\/fr\/wp-json\/wp\/v2\/media?parent=35913"}],"curies":[{"name":"wp","href":"https:\/\/api.w.org\/{rel}","templated":true}]}}